{"id":23,"date":"2025-02-24T14:03:11","date_gmt":"2025-02-24T14:03:11","guid":{"rendered":"https:\/\/marpol.niubrands.pl\/?page_id=23"},"modified":"2026-05-01T12:49:15","modified_gmt":"2026-05-01T12:49:15","slug":"witryny","status":"publish","type":"page","link":"https:\/\/fronty-marpol.pl\/index.php\/witryny\/","title":{"rendered":"Witryny"},"content":{"rendered":"<section class=\"bde-section-23-100 bde-section\">\n  \n  \n\t\n\n\n\n<div class=\"section-container\"><div class=\"bde-columns-23-101 bde-columns\"><div class=\"bde-column-23-102 bde-column\">\n  \n  \n\t\n\n\n\n<div class=\"bde-image-23-103 bde-image\">\n<figure class=\"breakdance-image breakdance-image--84\">\n\t<div class=\"breakdance-image-container\">\n\t\t<div class=\"breakdance-image-clip\"><img loading=\"lazy\" decoding=\"async\" class=\"breakdance-image-object\" src=\"https:\/\/fronty-marpol.pl\/wp-content\/uploads\/2025\/03\/Marpol_katalog-a4_2022_01-no-name_druk.pdf-image-001.png\" width=\"7000\" height=\"2625\" srcset=\"https:\/\/fronty-marpol.pl\/wp-content\/uploads\/2025\/03\/Marpol_katalog-a4_2022_01-no-name_druk.pdf-image-001.png 7000w, https:\/\/fronty-marpol.pl\/wp-content\/uploads\/2025\/03\/Marpol_katalog-a4_2022_01-no-name_druk.pdf-image-001-300x113.png 300w, https:\/\/fronty-marpol.pl\/wp-content\/uploads\/2025\/03\/Marpol_katalog-a4_2022_01-no-name_druk.pdf-image-001-1024x384.png 1024w, https:\/\/fronty-marpol.pl\/wp-content\/uploads\/2025\/03\/Marpol_katalog-a4_2022_01-no-name_druk.pdf-image-001-768x288.png 768w, https:\/\/fronty-marpol.pl\/wp-content\/uploads\/2025\/03\/Marpol_katalog-a4_2022_01-no-name_druk.pdf-image-001-1536x576.png 1536w, https:\/\/fronty-marpol.pl\/wp-content\/uploads\/2025\/03\/Marpol_katalog-a4_2022_01-no-name_druk.pdf-image-001-2048x768.png 2048w\" sizes=\"auto, (max-width: 7000px) 100vw, 7000px\"><\/div>\n\t<\/div><\/figure>\n\n<\/div>\n<\/div><div class=\"bde-column-23-104 bde-column\">\n  \n  \n\t\n\n\n\n<h2 class=\"bde-heading-23-105 bde-heading\">\nWitryny Marpol\n<\/h2><div class=\"bde-text-23-106 bde-text\">\nWitryny do mebli to eleganckie i funkcjonalne elementy, kt\u00f3re doskonale wpisuj\u0105 si\u0119 w nowoczesne aran\u017cacje wn\u0119trz. Proces ich produkcji rozpoczyna si\u0119 od starannego wyboru wysokiej jako\u015bci materia\u0142\u00f3w, takich jak drewno czy p\u0142yty MDF, kt\u00f3re zapewniaj\u0105 trwa\u0142o\u015b\u0107 i estetyczny wygl\u0105d. Nast\u0119pnie, dzi\u0119ki precyzyjnym technologiom obr\u00f3bki, elementy witryn s\u0105 ci\u0119te, frezowane i \u0142\u0105czone, aby uzyska\u0107 idealnie dopasowan\u0105 konstrukcj\u0119. <br><br>Ca\u0142o\u015b\u0107 jest finalizowana przez r\u0119czne lub maszynowe montowanie detali, takich jak uchwyty czy zawiasy, kt\u00f3re dodaj\u0105 witrynie charakteru. Witryny do mebli to doskona\u0142e po\u0142\u0105czenie funkcjonalno\u015bci i designu, kt\u00f3re z powodzeniem staj\u0105 si\u0119 ozdob\u0105 ka\u017cdego wn\u0119trza.\n<\/div>\n<\/div><\/div><div class=\"bde-columns-23-107 bde-columns\"><div class=\"bde-column-23-108 bde-column\">\n  \n  \n\t\n\n\n\n<img decoding=\"async\" class=\"bde-image2-23-109 bde-image2\" src=\"https:\/\/fronty-marpol.pl\/wp-content\/uploads\/2025\/03\/11-scaled.jpg\" loading=\"lazy\" srcset=\"https:\/\/fronty-marpol.pl\/wp-content\/uploads\/2025\/03\/11-scaled.jpg 1803w, https:\/\/fronty-marpol.pl\/wp-content\/uploads\/2025\/03\/11-211x300.jpg 211w, https:\/\/fronty-marpol.pl\/wp-content\/uploads\/2025\/03\/11-721x1024.jpg 721w, https:\/\/fronty-marpol.pl\/wp-content\/uploads\/2025\/03\/11-768x1091.jpg 768w, https:\/\/fronty-marpol.pl\/wp-content\/uploads\/2025\/03\/11-1082x1536.jpg 1082w, https:\/\/fronty-marpol.pl\/wp-content\/uploads\/2025\/03\/11-1442x2048.jpg 1442w\" sizes=\"(max-width: 1803px) 100vw, 1803px\">\n<\/div><\/div><div class=\"bde-image-23-112 bde-image\" data-parallax=\"true\">\n<figure class=\"breakdance-image breakdance-image--43\">\n\t<div class=\"breakdance-image-container\">\n\t\t<div class=\"breakdance-image-clip\"><img loading=\"lazy\" decoding=\"async\" class=\"breakdance-image-object\" src=\"https:\/\/fronty-marpol.pl\/wp-content\/uploads\/2025\/02\/471571163_122164015508262253_3145373978775114491_n.jpg\" width=\"1024\" height=\"1024\" srcset=\"https:\/\/fronty-marpol.pl\/wp-content\/uploads\/2025\/02\/471571163_122164015508262253_3145373978775114491_n.jpg 1024w, https:\/\/fronty-marpol.pl\/wp-content\/uploads\/2025\/02\/471571163_122164015508262253_3145373978775114491_n-300x300.jpg 300w, https:\/\/fronty-marpol.pl\/wp-content\/uploads\/2025\/02\/471571163_122164015508262253_3145373978775114491_n-150x150.jpg 150w, https:\/\/fronty-marpol.pl\/wp-content\/uploads\/2025\/02\/471571163_122164015508262253_3145373978775114491_n-768x768.jpg 768w\" sizes=\"auto, (max-width: 1024px) 100vw, 1024px\"><\/div>\n\t<\/div><\/figure>\n\n<\/div><div class=\"bde-image-23-113 bde-image\" data-parallax=\"true\">\n<figure class=\"breakdance-image breakdance-image--43\">\n\t<div class=\"breakdance-image-container\">\n\t\t<div class=\"breakdance-image-clip\"><img loading=\"lazy\" decoding=\"async\" class=\"breakdance-image-object\" src=\"https:\/\/fronty-marpol.pl\/wp-content\/uploads\/2025\/02\/471571163_122164015508262253_3145373978775114491_n.jpg\" width=\"1024\" height=\"1024\" srcset=\"https:\/\/fronty-marpol.pl\/wp-content\/uploads\/2025\/02\/471571163_122164015508262253_3145373978775114491_n.jpg 1024w, https:\/\/fronty-marpol.pl\/wp-content\/uploads\/2025\/02\/471571163_122164015508262253_3145373978775114491_n-300x300.jpg 300w, https:\/\/fronty-marpol.pl\/wp-content\/uploads\/2025\/02\/471571163_122164015508262253_3145373978775114491_n-150x150.jpg 150w, https:\/\/fronty-marpol.pl\/wp-content\/uploads\/2025\/02\/471571163_122164015508262253_3145373978775114491_n-768x768.jpg 768w\" sizes=\"auto, (max-width: 1024px) 100vw, 1024px\"><\/div>\n\t<\/div><\/figure>\n\n<\/div><\/div>\n<\/section><section id=\"bd-fancy-section2\" class=\"bde-section-23-114 bde-section\">\n  \n  \n\t\n\n\n\n<div class=\"section-container\"><div class=\"bde-image-23-115 bde-image\" data-parallax=\"true\">\n<figure class=\"breakdance-image breakdance-image--43\">\n\t<div class=\"breakdance-image-container\">\n\t\t<div class=\"breakdance-image-clip\"><img loading=\"lazy\" decoding=\"async\" class=\"breakdance-image-object\" src=\"https:\/\/fronty-marpol.pl\/wp-content\/uploads\/2025\/02\/471571163_122164015508262253_3145373978775114491_n.jpg\" width=\"1024\" height=\"1024\" srcset=\"https:\/\/fronty-marpol.pl\/wp-content\/uploads\/2025\/02\/471571163_122164015508262253_3145373978775114491_n.jpg 1024w, https:\/\/fronty-marpol.pl\/wp-content\/uploads\/2025\/02\/471571163_122164015508262253_3145373978775114491_n-300x300.jpg 300w, https:\/\/fronty-marpol.pl\/wp-content\/uploads\/2025\/02\/471571163_122164015508262253_3145373978775114491_n-150x150.jpg 150w, https:\/\/fronty-marpol.pl\/wp-content\/uploads\/2025\/02\/471571163_122164015508262253_3145373978775114491_n-768x768.jpg 768w\" sizes=\"auto, (max-width: 1024px) 100vw, 1024px\"><\/div>\n\t<\/div><\/figure>\n\n<\/div><h2 class=\"bde-heading-23-116 bde-heading\">\nMarpol producent front\u00f3w\n<\/h2><div class=\"bde-columns-23-117 bde-columns\"><div class=\"bde-column-23-118 bde-column\">\n  \n  \n\t\n\n\n\n<div class=\"bde-icon-23-119 bde-icon\">\n\n    \n            <div class=\"bde-icon-icon breakdance-icon-atom\" >\n    \n                    <svg xmlns=\"http:\/\/www.w3.org\/2000\/svg\" viewBox=\"0 0 640 512\"><!--! Font Awesome Free 6.5.1 by @fontawesome - https:\/\/fontawesome.com License - https:\/\/fontawesome.com\/license\/free (Icons: CC BY 4.0, Fonts: SIL OFL 1.1, Code: MIT License) Copyright 2023 Fonticons, Inc. --><path d=\"M323.4 85.2l-96.8 78.4c-16.1 13-19.2 36.4-7 53.1c12.9 17.8 38 21.3 55.3 7.8l99.3-77.2c7-5.4 17-4.2 22.5 2.8s4.2 17-2.8 22.5l-20.9 16.2L550.2 352H592c26.5 0 48-21.5 48-48V176c0-26.5-21.5-48-48-48H516h-4-.7l-3.9-2.5L434.8 79c-15.3-9.8-33.2-15-51.4-15c-21.8 0-43 7.5-60 21.2zm22.8 124.4l-51.7 40.2C263 274.4 217.3 268 193.7 235.6c-22.2-30.5-16.6-73.1 12.7-96.8l83.2-67.3c-11.6-4.9-24.1-7.4-36.8-7.4C234 64 215.7 69.6 200 80l-72 48H48c-26.5 0-48 21.5-48 48V304c0 26.5 21.5 48 48 48H156.2l91.4 83.4c19.6 17.9 49.9 16.5 67.8-3.1c5.5-6.1 9.2-13.2 11.1-20.6l17 15.6c19.5 17.9 49.9 16.6 67.8-2.9c4.5-4.9 7.8-10.6 9.9-16.5c19.4 13 45.8 10.3 62.1-7.5c17.9-19.5 16.6-49.9-2.9-67.8l-134.2-123z\"\/><\/svg>\n        \n        \n        \n            <\/div>\n    \n\n\n<\/div><h3 class=\"bde-heading-23-120 bde-heading\">\nJeste\u015b zainteresowany nasz\u0105 ofert\u0105?\n<\/h3><div class=\"bde-text-23-121 bde-text\">\nZapraszamy do kontaktu\n<\/div><div class=\"bde-button-23-122 bde-button\">\n        \n    \n    \n    \n    \n            \n                    \n            \n            \n\n    \n    \n    \n    \n    \n    <a class=\"breakdance-link button-atom button-atom--custom bde-button__button\" href=\"tel:505508542\" target=\"_self\" data-type=\"contact\"  >\n\n    \n        <span class=\"button-atom__text\">Zadzwo\u0144<\/span>\n\n        \n        \n                <\/a>\n\n    \n\n\n<\/div>\n<\/div><div class=\"bde-column-23-123 bde-column\">\n  \n  \n\t\n\n\n\n<div class=\"bde-icon-23-124 bde-icon\">\n\n    \n            <div class=\"bde-icon-icon breakdance-icon-atom\" >\n    \n                    <svg xmlns=\"http:\/\/www.w3.org\/2000\/svg\" viewBox=\"0 0 384 512\"><!--! Font Awesome Free 6.5.1 by @fontawesome - https:\/\/fontawesome.com License - https:\/\/fontawesome.com\/license\/free (Icons: CC BY 4.0, Fonts: SIL OFL 1.1, Code: MIT License) Copyright 2023 Fonticons, Inc. --><path d=\"M64 0C28.7 0 0 28.7 0 64V448c0 35.3 28.7 64 64 64H320c35.3 0 64-28.7 64-64V160H256c-17.7 0-32-14.3-32-32V0H64zM256 0V128H384L256 0zM216 232V334.1l31-31c9.4-9.4 24.6-9.4 33.9 0s9.4 24.6 0 33.9l-72 72c-9.4 9.4-24.6 9.4-33.9 0l-72-72c-9.4-9.4-9.4-24.6 0-33.9s24.6-9.4 33.9 0l31 31V232c0-13.3 10.7-24 24-24s24 10.7 24 24z\"\/><\/svg>\n        \n        \n        \n            <\/div>\n    \n\n\n<\/div><h3 class=\"bde-heading-23-125 bde-heading\">\nZobacz nasz katalog\n<\/h3><div class=\"bde-text-23-126 bde-text\">\nPobierz lub przegl\u0105daj on-line nasz katalog w formacie pdf.\n<\/div><div class=\"bde-button-23-127 bde-button\">\n        \n    \n    \n    \n    \n            \n                    \n            \n            \n\n    \n    \n    \n    \n    \n    <a class=\"breakdance-link button-atom button-atom--custom bde-button__button\" href=\"https:\/\/fronty-marpol.pl\/index.php\/katalog\/\" target=\"_self\" data-type=\"url\"  >\n\n    \n        <span class=\"button-atom__text\">Otw\u00f3rz PDF<\/span>\n\n        \n        \n                <\/a>\n\n    \n\n\n<\/div>\n<\/div><\/div><\/div>\n<\/section>","protected":false},"excerpt":{"rendered":"<p>Witryny Marpol Witryny do mebli to eleganckie i funkcjonalne elementy, kt\u00f3re doskonale wpisuj\u0105 si\u0119 w nowoczesne aran\u017cacje wn\u0119trz. Proces ich produkcji rozpoczyna si\u0119 od starannego wyboru wysokiej jako\u015bci materia\u0142\u00f3w, takich jak drewno czy p\u0142yty MDF, kt\u00f3re zapewniaj\u0105 trwa\u0142o\u015b\u0107 i estetyczny wygl\u0105d. Nast\u0119pnie, dzi\u0119ki precyzyjnym technologiom obr\u00f3bki, elementy witryn s\u0105 ci\u0119te, frezowane i \u0142\u0105czone, aby uzyska\u0107 [&hellip;]<\/p>\n","protected":false},"author":1,"featured_media":0,"parent":0,"menu_order":0,"comment_status":"closed","ping_status":"closed","template":"","meta":{"_breakdance_hide_in_design_set":false,"_breakdance_tags":"","footnotes":""},"class_list":["post-23","page","type-page","status-publish","hentry"],"yoast_head":"<!-- This site is optimized with the Yoast SEO plugin v27.5 - https:\/\/yoast.com\/product\/yoast-seo-wordpress\/ -->\n<title>Witryny meblowe \u2013 eleganckie fronty i przeszklenia | Marpol<\/title>\n<meta name=\"description\" content=\"Witryny meblowe do kuchni i salonu \u2013 estetyczne fronty z przeszkleniami. Po\u0142\u0105czenie funkcjonalno\u015bci i nowoczesnego designu.\" \/>\n<meta name=\"robots\" content=\"index, follow, max-snippet:-1, max-image-preview:large, max-video-preview:-1\" \/>\n<link rel=\"canonical\" href=\"https:\/\/fronty-marpol.pl\/index.php\/witryny\/\" \/>\n<meta property=\"og:locale\" content=\"pl_PL\" \/>\n<meta property=\"og:type\" content=\"article\" \/>\n<meta property=\"og:title\" content=\"Witryny meblowe \u2013 eleganckie fronty i przeszklenia | Marpol\" \/>\n<meta property=\"og:description\" content=\"Witryny meblowe do kuchni i salonu \u2013 estetyczne fronty z przeszkleniami. Po\u0142\u0105czenie funkcjonalno\u015bci i nowoczesnego designu.\" \/>\n<meta property=\"og:url\" content=\"https:\/\/fronty-marpol.pl\/index.php\/witryny\/\" \/>\n<meta property=\"og:site_name\" content=\"Marpol producent front\u00f3w lakierowanych\" \/>\n<meta property=\"article:publisher\" content=\"https:\/\/www.facebook.com\/profile.php?id=61557867596321&amp;locale=pl_PL\" \/>\n<meta property=\"article:modified_time\" content=\"2026-05-01T12:49:15+00:00\" \/>\n<meta name=\"twitter:card\" content=\"summary_large_image\" \/>\n<meta name=\"twitter:label1\" content=\"Szacowany czas czytania\" \/>\n\t<meta name=\"twitter:data1\" content=\"2 minuty\" \/>\n<script type=\"application\/ld+json\" class=\"yoast-schema-graph\">{\"@context\":\"https:\\\/\\\/schema.org\",\"@graph\":[{\"@type\":\"WebPage\",\"@id\":\"https:\\\/\\\/fronty-marpol.pl\\\/index.php\\\/witryny\\\/\",\"url\":\"https:\\\/\\\/fronty-marpol.pl\\\/index.php\\\/witryny\\\/\",\"name\":\"Witryny meblowe \u2013 eleganckie fronty i przeszklenia | Marpol\",\"isPartOf\":{\"@id\":\"https:\\\/\\\/fronty-marpol.pl\\\/#website\"},\"datePublished\":\"2025-02-24T14:03:11+00:00\",\"dateModified\":\"2026-05-01T12:49:15+00:00\",\"description\":\"Witryny meblowe do kuchni i salonu \u2013 estetyczne fronty z przeszkleniami. Po\u0142\u0105czenie funkcjonalno\u015bci i nowoczesnego designu.\",\"breadcrumb\":{\"@id\":\"https:\\\/\\\/fronty-marpol.pl\\\/index.php\\\/witryny\\\/#breadcrumb\"},\"inLanguage\":\"pl-PL\",\"potentialAction\":[{\"@type\":\"ReadAction\",\"target\":[\"https:\\\/\\\/fronty-marpol.pl\\\/index.php\\\/witryny\\\/\"]}]},{\"@type\":\"BreadcrumbList\",\"@id\":\"https:\\\/\\\/fronty-marpol.pl\\\/index.php\\\/witryny\\\/#breadcrumb\",\"itemListElement\":[{\"@type\":\"ListItem\",\"position\":1,\"name\":\"Strona g\u0142\u00f3wna\",\"item\":\"https:\\\/\\\/fronty-marpol.pl\\\/\"},{\"@type\":\"ListItem\",\"position\":2,\"name\":\"Witryny\"}]},{\"@type\":\"WebSite\",\"@id\":\"https:\\\/\\\/fronty-marpol.pl\\\/#website\",\"url\":\"https:\\\/\\\/fronty-marpol.pl\\\/\",\"name\":\"Marpol producent front\u00f3w lakierowanych\",\"description\":\"\",\"publisher\":{\"@id\":\"https:\\\/\\\/fronty-marpol.pl\\\/#organization\"},\"potentialAction\":[{\"@type\":\"SearchAction\",\"target\":{\"@type\":\"EntryPoint\",\"urlTemplate\":\"https:\\\/\\\/fronty-marpol.pl\\\/?s={search_term_string}\"},\"query-input\":{\"@type\":\"PropertyValueSpecification\",\"valueRequired\":true,\"valueName\":\"search_term_string\"}}],\"inLanguage\":\"pl-PL\"},{\"@type\":\"Organization\",\"@id\":\"https:\\\/\\\/fronty-marpol.pl\\\/#organization\",\"name\":\"Marpol producent front\u00f3w lakierowanych\",\"url\":\"https:\\\/\\\/fronty-marpol.pl\\\/\",\"logo\":{\"@type\":\"ImageObject\",\"inLanguage\":\"pl-PL\",\"@id\":\"https:\\\/\\\/fronty-marpol.pl\\\/#\\\/schema\\\/logo\\\/image\\\/\",\"url\":\"https:\\\/\\\/fronty-marpol.pl\\\/wp-content\\\/uploads\\\/2025\\\/02\\\/434364868_122096818088262253_3683645989273993407_n-1.jpg\",\"contentUrl\":\"https:\\\/\\\/fronty-marpol.pl\\\/wp-content\\\/uploads\\\/2025\\\/02\\\/434364868_122096818088262253_3683645989273993407_n-1.jpg\",\"width\":1065,\"height\":537,\"caption\":\"Marpol producent front\u00f3w lakierowanych\"},\"image\":{\"@id\":\"https:\\\/\\\/fronty-marpol.pl\\\/#\\\/schema\\\/logo\\\/image\\\/\"},\"sameAs\":[\"https:\\\/\\\/www.facebook.com\\\/profile.php?id=61557867596321&locale=pl_PL\"]}]}<\/script>\n<!-- \/ Yoast SEO plugin. -->","yoast_head_json":{"title":"Witryny meblowe \u2013 eleganckie fronty i przeszklenia | Marpol","description":"Witryny meblowe do kuchni i salonu \u2013 estetyczne fronty z przeszkleniami. Po\u0142\u0105czenie funkcjonalno\u015bci i nowoczesnego designu.","robots":{"index":"index","follow":"follow","max-snippet":"max-snippet:-1","max-image-preview":"max-image-preview:large","max-video-preview":"max-video-preview:-1"},"canonical":"https:\/\/fronty-marpol.pl\/index.php\/witryny\/","og_locale":"pl_PL","og_type":"article","og_title":"Witryny meblowe \u2013 eleganckie fronty i przeszklenia | Marpol","og_description":"Witryny meblowe do kuchni i salonu \u2013 estetyczne fronty z przeszkleniami. Po\u0142\u0105czenie funkcjonalno\u015bci i nowoczesnego designu.","og_url":"https:\/\/fronty-marpol.pl\/index.php\/witryny\/","og_site_name":"Marpol producent front\u00f3w lakierowanych","article_publisher":"https:\/\/www.facebook.com\/profile.php?id=61557867596321&locale=pl_PL","article_modified_time":"2026-05-01T12:49:15+00:00","twitter_card":"summary_large_image","twitter_misc":{"Szacowany czas czytania":"2 minuty"},"schema":{"@context":"https:\/\/schema.org","@graph":[{"@type":"WebPage","@id":"https:\/\/fronty-marpol.pl\/index.php\/witryny\/","url":"https:\/\/fronty-marpol.pl\/index.php\/witryny\/","name":"Witryny meblowe \u2013 eleganckie fronty i przeszklenia | Marpol","isPartOf":{"@id":"https:\/\/fronty-marpol.pl\/#website"},"datePublished":"2025-02-24T14:03:11+00:00","dateModified":"2026-05-01T12:49:15+00:00","description":"Witryny meblowe do kuchni i salonu \u2013 estetyczne fronty z przeszkleniami. Po\u0142\u0105czenie funkcjonalno\u015bci i nowoczesnego designu.","breadcrumb":{"@id":"https:\/\/fronty-marpol.pl\/index.php\/witryny\/#breadcrumb"},"inLanguage":"pl-PL","potentialAction":[{"@type":"ReadAction","target":["https:\/\/fronty-marpol.pl\/index.php\/witryny\/"]}]},{"@type":"BreadcrumbList","@id":"https:\/\/fronty-marpol.pl\/index.php\/witryny\/#breadcrumb","itemListElement":[{"@type":"ListItem","position":1,"name":"Strona g\u0142\u00f3wna","item":"https:\/\/fronty-marpol.pl\/"},{"@type":"ListItem","position":2,"name":"Witryny"}]},{"@type":"WebSite","@id":"https:\/\/fronty-marpol.pl\/#website","url":"https:\/\/fronty-marpol.pl\/","name":"Marpol producent front\u00f3w lakierowanych","description":"","publisher":{"@id":"https:\/\/fronty-marpol.pl\/#organization"},"potentialAction":[{"@type":"SearchAction","target":{"@type":"EntryPoint","urlTemplate":"https:\/\/fronty-marpol.pl\/?s={search_term_string}"},"query-input":{"@type":"PropertyValueSpecification","valueRequired":true,"valueName":"search_term_string"}}],"inLanguage":"pl-PL"},{"@type":"Organization","@id":"https:\/\/fronty-marpol.pl\/#organization","name":"Marpol producent front\u00f3w lakierowanych","url":"https:\/\/fronty-marpol.pl\/","logo":{"@type":"ImageObject","inLanguage":"pl-PL","@id":"https:\/\/fronty-marpol.pl\/#\/schema\/logo\/image\/","url":"https:\/\/fronty-marpol.pl\/wp-content\/uploads\/2025\/02\/434364868_122096818088262253_3683645989273993407_n-1.jpg","contentUrl":"https:\/\/fronty-marpol.pl\/wp-content\/uploads\/2025\/02\/434364868_122096818088262253_3683645989273993407_n-1.jpg","width":1065,"height":537,"caption":"Marpol producent front\u00f3w lakierowanych"},"image":{"@id":"https:\/\/fronty-marpol.pl\/#\/schema\/logo\/image\/"},"sameAs":["https:\/\/www.facebook.com\/profile.php?id=61557867596321&locale=pl_PL"]}]}},"_links":{"self":[{"href":"https:\/\/fronty-marpol.pl\/index.php\/wp-json\/wp\/v2\/pages\/23","targetHints":{"allow":["GET"]}}],"collection":[{"href":"https:\/\/fronty-marpol.pl\/index.php\/wp-json\/wp\/v2\/pages"}],"about":[{"href":"https:\/\/fronty-marpol.pl\/index.php\/wp-json\/wp\/v2\/types\/page"}],"author":[{"embeddable":true,"href":"https:\/\/fronty-marpol.pl\/index.php\/wp-json\/wp\/v2\/users\/1"}],"replies":[{"embeddable":true,"href":"https:\/\/fronty-marpol.pl\/index.php\/wp-json\/wp\/v2\/comments?post=23"}],"version-history":[{"count":9,"href":"https:\/\/fronty-marpol.pl\/index.php\/wp-json\/wp\/v2\/pages\/23\/revisions"}],"predecessor-version":[{"id":175,"href":"https:\/\/fronty-marpol.pl\/index.php\/wp-json\/wp\/v2\/pages\/23\/revisions\/175"}],"wp:attachment":[{"href":"https:\/\/fronty-marpol.pl\/index.php\/wp-json\/wp\/v2\/media?parent=23"}],"curies":[{"name":"wp","href":"https:\/\/api.w.org\/{rel}","templated":true}]}}