{"id":176,"date":"2025-04-01T13:05:41","date_gmt":"2025-04-01T13:05:41","guid":{"rendered":"https:\/\/fronty-marpol.pl\/?page_id=176"},"modified":"2025-04-01T13:23:34","modified_gmt":"2025-04-01T13:23:34","slug":"polityka-prywatnosci","status":"publish","type":"page","link":"https:\/\/fronty-marpol.pl\/index.php\/polityka-prywatnosci\/","title":{"rendered":"Polityka prywatno\u015bci"},"content":{"rendered":"<section class=\"bde-section-176-100 bde-section\">\n  \n  \n\t\n\n\n\n<div class=\"section-container\"><div class=\"bde-rich-text-176-101 bde-rich-text breakdance-rich-text-styles\">\n<p style=\"text-align: left;\"><strong data-start=\"0\" data-end=\"24\">Polityka prywatno\u015bci<\/strong><\/p>\n<ol style=\"text-align: left;\" data-start=\"56\" data-end=\"75\">\n<li class=\"\" data-start=\"56\" data-end=\"75\">\n<p class=\"\" data-start=\"59\" data-end=\"75\"><strong data-start=\"59\" data-end=\"75\">Wprowadzenie<\/strong><\/p>\n<\/li>\n<\/ol>\n<p class=\"\" style=\"text-align: left;\" data-start=\"77\" data-end=\"488\">Szanujemy Twoje prawo do prywatno\u015bci i dbamy o ochron\u0119 Twoich danych osobowych. Niniejsza Polityka Prywatno\u015bci okre\u015bla zasady przetwarzania danych osobowych u\u017cytkownik\u00f3w naszej strony internetowej [nazwa strony], zgodnie z obowi\u0105zuj\u0105cymi przepisami prawa, w tym z Rozporz\u0105dzeniem Parlamentu Europejskiego i Rady (UE) 2016\/679 w sprawie ochrony os\u00f3b fizycznych w zwi\u0105zku z przetwarzaniem danych osobowych (RODO).<\/p>\n<ol style=\"text-align: left;\" start=\"2\" data-start=\"490\" data-end=\"517\">\n<li class=\"\" data-start=\"490\" data-end=\"517\">\n<p class=\"\" data-start=\"493\" data-end=\"517\"><strong data-start=\"493\" data-end=\"517\">Administrator danych<\/strong><\/p>\n<\/li>\n<\/ol>\n<p class=\"\" style=\"text-align: left;\" data-start=\"519\" data-end=\"717\">Administratorem danych osobowych u\u017cytkownik\u00f3w jest RADOS\u0141AW MATYSEK FIRMA HANDLOWO US\u0141UGOWO PRODUKCYJNA \"MARPOL\", z siedzib\u0105 w \u015awieca 43 63-430 Odolan\u00f3w, NIP: 6222267250, kontakt: marpol-swieca@wp.pl, telefon: 505 508 542.<\/p>\n<ol style=\"text-align: left;\" start=\"3\" data-start=\"719\" data-end=\"764\">\n<li class=\"\" data-start=\"719\" data-end=\"764\">\n<p class=\"\" data-start=\"722\" data-end=\"764\"><strong data-start=\"722\" data-end=\"764\">Zakres przetwarzanych danych osobowych<\/strong><\/p>\n<\/li>\n<\/ol>\n<p class=\"\" style=\"text-align: left;\" data-start=\"766\" data-end=\"886\">W ramach korzystania z naszej strony internetowej, w tym formularza kontaktowego, przetwarzamy nast\u0119puj\u0105ce dane osobowe:<\/p>\n<ul style=\"text-align: left;\">\n<li data-start=\"889\" data-end=\"904\">Imi\u0119 i nazwisko<\/li>\n<li data-start=\"907\" data-end=\"919\">Adres e-mail<\/li>\n<li data-start=\"922\" data-end=\"950\">Numer telefonu (opcjonalnie)<\/li>\n<li data-start=\"953\" data-end=\"999\">Inne dane wprowadzone w formularzu kontaktowym<\/li>\n<\/ul>\n<p class=\"\" style=\"text-align: left;\" data-start=\"1004\" data-end=\"1032\"><strong data-start=\"1004\" data-end=\"1032\">Cel przetwarzania danych<\/strong><\/p>\n<p class=\"\" style=\"text-align: left;\" data-start=\"1034\" data-end=\"1089\">Twoje dane osobowe przetwarzamy w nast\u0119puj\u0105cych celach:<\/p>\n<ul style=\"text-align: left;\" data-start=\"1090\" data-end=\"1418\">\n<li class=\"\" data-start=\"1090\" data-end=\"1159\">\n<p class=\"\" data-start=\"1092\" data-end=\"1159\">Odpowiedzi na zapytania przes\u0142ane za pomoc\u0105 formularza kontaktowego<\/p>\n<\/li>\n<li class=\"\" data-start=\"1160\" data-end=\"1230\">\n<p class=\"\" data-start=\"1162\" data-end=\"1230\">Realizacja zawartych um\u00f3w lub podj\u0119cie dzia\u0142a\u0144 przed zawarciem umowy<\/p>\n<\/li>\n<li class=\"\" data-start=\"1231\" data-end=\"1306\">\n<p class=\"\" data-start=\"1233\" data-end=\"1306\">Udzielanie informacji zwi\u0105zanych z us\u0142ugami oferowanymi przez nasz\u0105 firm\u0119<\/p>\n<\/li>\n<li class=\"\" data-start=\"1307\" data-end=\"1418\">\n<p class=\"\" data-start=\"1309\" data-end=\"1418\">Przechowywanie danych w celach archiwalnych oraz dla potrzeb wynikaj\u0105cych z obowi\u0105zuj\u0105cych przepis\u00f3w prawnych<\/p>\n<\/li>\n<\/ul>\n<ol style=\"text-align: left;\" start=\"5\" data-start=\"1420\" data-end=\"1463\">\n<li class=\"\" data-start=\"1420\" data-end=\"1463\">\n<p class=\"\" data-start=\"1423\" data-end=\"1463\"><strong data-start=\"1423\" data-end=\"1463\">Podstawy prawne przetwarzania danych<\/strong><\/p>\n<\/li>\n<\/ol>\n<p class=\"\" style=\"text-align: left;\" data-start=\"1465\" data-end=\"1527\">Przetwarzanie Twoich danych osobowych odbywa si\u0119 na podstawie:<\/p>\n<ul style=\"text-align: left;\" data-start=\"1528\" data-end=\"1740\">\n<li class=\"\" data-start=\"1528\" data-end=\"1638\">\n<p class=\"\" data-start=\"1530\" data-end=\"1638\">Art. 6 ust. 1 lit. a RODO \u2013 zgoda u\u017cytkownika (w przypadku dobrowolnego wype\u0142nienia formularza kontaktowego)<\/p>\n<\/li>\n<li class=\"\" data-start=\"1639\" data-end=\"1740\">\n<p class=\"\" data-start=\"1641\" data-end=\"1740\">Art. 6 ust. 1 lit. b RODO \u2013 niezb\u0119dno\u015b\u0107 do wykonania umowy lub podj\u0119cia dzia\u0142a\u0144 przed jej zawarciem<\/p>\n<\/li>\n<\/ul>\n<ol style=\"text-align: left;\" start=\"6\" data-start=\"1742\" data-end=\"1770\">\n<li class=\"\" data-start=\"1742\" data-end=\"1770\">\n<p class=\"\" data-start=\"1745\" data-end=\"1770\"><strong data-start=\"1745\" data-end=\"1770\">Przechowywanie danych<\/strong><\/p>\n<\/li>\n<\/ol>\n<p class=\"\" style=\"text-align: left;\" data-start=\"1772\" data-end=\"2020\">Twoje dane osobowe b\u0119d\u0105 przechowywane przez okres niezb\u0119dny do realizacji cel\u00f3w, dla kt\u00f3rych zosta\u0142y zebrane, a po tym okresie przez czas wymagany przepisami prawa (np. do cel\u00f3w archiwalnych). Po tym czasie dane zostan\u0105 usuni\u0119te lub zanonimizowane.<\/p>\n<ol style=\"text-align: left;\" start=\"7\" data-start=\"2022\" data-end=\"2044\">\n<li class=\"\" data-start=\"2022\" data-end=\"2044\">\n<p class=\"\" data-start=\"2025\" data-end=\"2044\"><strong data-start=\"2025\" data-end=\"2044\">Odbiorcy danych<\/strong><\/p>\n<\/li>\n<\/ol>\n<p class=\"\" style=\"text-align: left;\" data-start=\"2046\" data-end=\"2087\">Twoje dane osobowe mog\u0105 by\u0107 udost\u0119pniane:<\/p>\n<ul style=\"text-align: left;\" data-start=\"2088\" data-end=\"2298\">\n<li class=\"\" data-start=\"2088\" data-end=\"2170\">\n<p class=\"\" data-start=\"2090\" data-end=\"2170\">Dostawcom us\u0142ug hostingowych i IT, kt\u00f3rzy zapewniaj\u0105 obs\u0142ug\u0119 strony internetowej<\/p>\n<\/li>\n<li class=\"\" data-start=\"2171\" data-end=\"2228\">\n<p class=\"\" data-start=\"2173\" data-end=\"2228\">Firmom \u015bwiadcz\u0105cym us\u0142ugi prawne, ksi\u0119gowe lub audytowe<\/p>\n<\/li>\n<li class=\"\" data-start=\"2229\" data-end=\"2298\">\n<p class=\"\" data-start=\"2231\" data-end=\"2298\">W przypadkach przewidzianych przepisami prawa, np. organom \u015bcigania<\/p>\n<\/li>\n<\/ul>\n<ol style=\"text-align: left;\" start=\"8\" data-start=\"2300\" data-end=\"2346\">\n<li class=\"\" data-start=\"2300\" data-end=\"2346\">\n<p class=\"\" data-start=\"2303\" data-end=\"2346\"><strong data-start=\"2303\" data-end=\"2346\">Twoje prawa zwi\u0105zane z danymi osobowymi<\/strong><\/p>\n<\/li>\n<\/ol>\n<p class=\"\" style=\"text-align: left;\" data-start=\"2348\" data-end=\"2362\">Masz prawo do:<\/p>\n<ul style=\"text-align: left;\" data-start=\"2363\" data-end=\"2780\">\n<li class=\"\" data-start=\"2363\" data-end=\"2399\">\n<p class=\"\" data-start=\"2365\" data-end=\"2399\">Dost\u0119pu do swoich danych osobowych<\/p>\n<\/li>\n<li class=\"\" data-start=\"2400\" data-end=\"2438\">\n<p class=\"\" data-start=\"2402\" data-end=\"2438\">Sprostowania swoich danych osobowych<\/p>\n<\/li>\n<li class=\"\" data-start=\"2439\" data-end=\"2491\">\n<p class=\"\" data-start=\"2441\" data-end=\"2491\">Usuni\u0119cia danych (tzw. prawo do bycia zapomnianym)<\/p>\n<\/li>\n<li class=\"\" data-start=\"2492\" data-end=\"2527\">\n<p class=\"\" data-start=\"2494\" data-end=\"2527\">Ograniczenia przetwarzania danych<\/p>\n<\/li>\n<li class=\"\" data-start=\"2528\" data-end=\"2549\">\n<p class=\"\" data-start=\"2530\" data-end=\"2549\">Przenoszenia danych<\/p>\n<\/li>\n<li class=\"\" data-start=\"2550\" data-end=\"2658\">\n<p class=\"\" data-start=\"2552\" data-end=\"2658\">Cofni\u0119cia zgody na przetwarzanie danych w dowolnym momencie, je\u015bli dane s\u0105 przetwarzane na podstawie zgody<\/p>\n<\/li>\n<li class=\"\" data-start=\"2659\" data-end=\"2780\">\n<p class=\"\" data-start=\"2661\" data-end=\"2780\">Wniesienia skargi do organu nadzorczego, je\u015bli uwa\u017casz, \u017ce przetwarzanie Twoich danych osobowych narusza przepisy prawa<\/p>\n<\/li>\n<\/ul>\n<ol style=\"text-align: left;\" start=\"9\" data-start=\"2782\" data-end=\"2802\">\n<li class=\"\" data-start=\"2782\" data-end=\"2802\">\n<p class=\"\" data-start=\"2785\" data-end=\"2802\"><strong data-start=\"2785\" data-end=\"2802\">Pliki cookies<\/strong><\/p>\n<\/li>\n<\/ol>\n<p class=\"\" style=\"text-align: left;\" data-start=\"2804\" data-end=\"3111\">Nasza strona internetowa u\u017cywa plik\u00f3w cookies, aby poprawi\u0107 jako\u015b\u0107 us\u0142ug i dostosowa\u0107 stron\u0119 do Twoich potrzeb. Pliki cookies to ma\u0142e pliki tekstowe, kt\u00f3re s\u0105 zapisywane na Twoim urz\u0105dzeniu podczas korzystania z naszej strony. Mo\u017cesz zarz\u0105dza\u0107 ustawieniami plik\u00f3w cookies w swojej przegl\u0105darce internetowej.<\/p>\n<p class=\"\" style=\"text-align: left;\" data-start=\"3113\" data-end=\"3188\">Wi\u0119cej informacji o plikach cookies znajdziesz w naszej [Polityce Cookies].<\/p>\n<ol style=\"text-align: left;\" start=\"10\" data-start=\"3190\" data-end=\"3219\">\n<li class=\"\" data-start=\"3190\" data-end=\"3219\">\n<p class=\"\" data-start=\"3194\" data-end=\"3219\"><strong data-start=\"3194\" data-end=\"3219\">Bezpiecze\u0144stwo danych<\/strong><\/p>\n<\/li>\n<\/ol>\n<p class=\"\" style=\"text-align: left;\" data-start=\"3221\" data-end=\"3439\">Stosujemy odpowiednie \u015brodki techniczne i organizacyjne w celu zapewnienia bezpiecze\u0144stwa Twoich danych osobowych, w tym zabezpieczenie przed ich utrat\u0105, nieautoryzowanym dost\u0119pem, ujawnieniem, zmian\u0105 lub zniszczeniem.<\/p>\n<ol style=\"text-align: left;\" start=\"11\" data-start=\"3441\" data-end=\"3478\">\n<li class=\"\" data-start=\"3441\" data-end=\"3478\">\n<p class=\"\" data-start=\"3445\" data-end=\"3478\"><strong data-start=\"3445\" data-end=\"3478\">Zmiany w Polityce Prywatno\u015bci<\/strong><\/p>\n<\/li>\n<\/ol>\n<p class=\"\" style=\"text-align: left;\" data-start=\"3480\" data-end=\"3726\">Zastrzegamy sobie prawo do wprowadzania zmian w niniejszej Polityce Prywatno\u015bci. O wszelkich zmianach b\u0119dziemy informowa\u0107 poprzez opublikowanie nowej wersji Polityki Prywatno\u015bci na tej stronie. Zmiany wchodz\u0105 w \u017cycie w momencie ich opublikowania.<\/p>\n<ol style=\"text-align: left;\" start=\"12\" data-start=\"3728\" data-end=\"3743\">\n<li class=\"\" data-start=\"3728\" data-end=\"3743\">\n<p class=\"\" data-start=\"3732\" data-end=\"3743\"><strong data-start=\"3732\" data-end=\"3743\">Kontakt<\/strong><\/p>\n<\/li>\n<\/ol>\n<p class=\"\" style=\"text-align: left;\" data-start=\"3745\" data-end=\"3907\">Je\u015bli masz pytania dotycz\u0105ce przetwarzania swoich danych osobowych lub chcesz skorzysta\u0107 ze swoich praw, skontaktuj si\u0119 z nami pod adresem e-mail: marpol-swieca@wp.pl.<\/p>\n<\/div><\/div>\n<\/section>","protected":false},"excerpt":{"rendered":"<p>Polityka prywatno\u015bci Wprowadzenie Szanujemy Twoje prawo do prywatno\u015bci i dbamy o ochron\u0119 Twoich danych osobowych. Niniejsza Polityka Prywatno\u015bci okre\u015bla zasady przetwarzania danych osobowych u\u017cytkownik\u00f3w naszej strony internetowej [nazwa strony], zgodnie z obowi\u0105zuj\u0105cymi przepisami prawa, w tym z Rozporz\u0105dzeniem Parlamentu Europejskiego i Rady (UE) 2016\/679 w sprawie ochrony os\u00f3b fizycznych w zwi\u0105zku z przetwarzaniem danych osobowych [&hellip;]<\/p>\n","protected":false},"author":1,"featured_media":0,"parent":0,"menu_order":0,"comment_status":"closed","ping_status":"closed","template":"","meta":{"_breakdance_hide_in_design_set":false,"_breakdance_tags":"","footnotes":""},"class_list":["post-176","page","type-page","status-publish","hentry"],"yoast_head":"<!-- This site is optimized with the Yoast SEO plugin v27.5 - https:\/\/yoast.com\/product\/yoast-seo-wordpress\/ -->\n<title>Polityka prywatno\u015bci - Marpol producent front\u00f3w lakierowanych<\/title>\n<meta name=\"robots\" content=\"index, follow, max-snippet:-1, max-image-preview:large, max-video-preview:-1\" \/>\n<link rel=\"canonical\" href=\"https:\/\/fronty-marpol.pl\/index.php\/polityka-prywatnosci\/\" \/>\n<meta property=\"og:locale\" content=\"pl_PL\" \/>\n<meta property=\"og:type\" content=\"article\" \/>\n<meta property=\"og:title\" content=\"Polityka prywatno\u015bci - Marpol producent front\u00f3w lakierowanych\" \/>\n<meta property=\"og:description\" content=\"Polityka prywatno\u015bci Wprowadzenie Szanujemy Twoje prawo do prywatno\u015bci i dbamy o ochron\u0119 Twoich danych osobowych. Niniejsza Polityka Prywatno\u015bci okre\u015bla zasady przetwarzania danych osobowych u\u017cytkownik\u00f3w naszej strony internetowej [nazwa strony], zgodnie z obowi\u0105zuj\u0105cymi przepisami prawa, w tym z Rozporz\u0105dzeniem Parlamentu Europejskiego i Rady (UE) 2016\/679 w sprawie ochrony os\u00f3b fizycznych w zwi\u0105zku z przetwarzaniem danych osobowych [&hellip;]\" \/>\n<meta property=\"og:url\" content=\"https:\/\/fronty-marpol.pl\/index.php\/polityka-prywatnosci\/\" \/>\n<meta property=\"og:site_name\" content=\"Marpol producent front\u00f3w lakierowanych\" \/>\n<meta property=\"article:publisher\" content=\"https:\/\/www.facebook.com\/profile.php?id=61557867596321&amp;locale=pl_PL\" \/>\n<meta property=\"article:modified_time\" content=\"2025-04-01T13:23:34+00:00\" \/>\n<meta name=\"twitter:card\" content=\"summary_large_image\" \/>\n<script type=\"application\/ld+json\" class=\"yoast-schema-graph\">{\"@context\":\"https:\\\/\\\/schema.org\",\"@graph\":[{\"@type\":\"WebPage\",\"@id\":\"https:\\\/\\\/fronty-marpol.pl\\\/index.php\\\/polityka-prywatnosci\\\/\",\"url\":\"https:\\\/\\\/fronty-marpol.pl\\\/index.php\\\/polityka-prywatnosci\\\/\",\"name\":\"Polityka prywatno\u015bci - Marpol producent front\u00f3w lakierowanych\",\"isPartOf\":{\"@id\":\"https:\\\/\\\/fronty-marpol.pl\\\/#website\"},\"datePublished\":\"2025-04-01T13:05:41+00:00\",\"dateModified\":\"2025-04-01T13:23:34+00:00\",\"breadcrumb\":{\"@id\":\"https:\\\/\\\/fronty-marpol.pl\\\/index.php\\\/polityka-prywatnosci\\\/#breadcrumb\"},\"inLanguage\":\"pl-PL\",\"potentialAction\":[{\"@type\":\"ReadAction\",\"target\":[\"https:\\\/\\\/fronty-marpol.pl\\\/index.php\\\/polityka-prywatnosci\\\/\"]}]},{\"@type\":\"BreadcrumbList\",\"@id\":\"https:\\\/\\\/fronty-marpol.pl\\\/index.php\\\/polityka-prywatnosci\\\/#breadcrumb\",\"itemListElement\":[{\"@type\":\"ListItem\",\"position\":1,\"name\":\"Strona g\u0142\u00f3wna\",\"item\":\"https:\\\/\\\/fronty-marpol.pl\\\/\"},{\"@type\":\"ListItem\",\"position\":2,\"name\":\"Polityka prywatno\u015bci\"}]},{\"@type\":\"WebSite\",\"@id\":\"https:\\\/\\\/fronty-marpol.pl\\\/#website\",\"url\":\"https:\\\/\\\/fronty-marpol.pl\\\/\",\"name\":\"Marpol producent front\u00f3w lakierowanych\",\"description\":\"\",\"publisher\":{\"@id\":\"https:\\\/\\\/fronty-marpol.pl\\\/#organization\"},\"potentialAction\":[{\"@type\":\"SearchAction\",\"target\":{\"@type\":\"EntryPoint\",\"urlTemplate\":\"https:\\\/\\\/fronty-marpol.pl\\\/?s={search_term_string}\"},\"query-input\":{\"@type\":\"PropertyValueSpecification\",\"valueRequired\":true,\"valueName\":\"search_term_string\"}}],\"inLanguage\":\"pl-PL\"},{\"@type\":\"Organization\",\"@id\":\"https:\\\/\\\/fronty-marpol.pl\\\/#organization\",\"name\":\"Marpol producent front\u00f3w lakierowanych\",\"url\":\"https:\\\/\\\/fronty-marpol.pl\\\/\",\"logo\":{\"@type\":\"ImageObject\",\"inLanguage\":\"pl-PL\",\"@id\":\"https:\\\/\\\/fronty-marpol.pl\\\/#\\\/schema\\\/logo\\\/image\\\/\",\"url\":\"https:\\\/\\\/fronty-marpol.pl\\\/wp-content\\\/uploads\\\/2025\\\/02\\\/434364868_122096818088262253_3683645989273993407_n-1.jpg\",\"contentUrl\":\"https:\\\/\\\/fronty-marpol.pl\\\/wp-content\\\/uploads\\\/2025\\\/02\\\/434364868_122096818088262253_3683645989273993407_n-1.jpg\",\"width\":1065,\"height\":537,\"caption\":\"Marpol producent front\u00f3w lakierowanych\"},\"image\":{\"@id\":\"https:\\\/\\\/fronty-marpol.pl\\\/#\\\/schema\\\/logo\\\/image\\\/\"},\"sameAs\":[\"https:\\\/\\\/www.facebook.com\\\/profile.php?id=61557867596321&locale=pl_PL\"]}]}<\/script>\n<!-- \/ Yoast SEO plugin. -->","yoast_head_json":{"title":"Polityka prywatno\u015bci - Marpol producent front\u00f3w lakierowanych","robots":{"index":"index","follow":"follow","max-snippet":"max-snippet:-1","max-image-preview":"max-image-preview:large","max-video-preview":"max-video-preview:-1"},"canonical":"https:\/\/fronty-marpol.pl\/index.php\/polityka-prywatnosci\/","og_locale":"pl_PL","og_type":"article","og_title":"Polityka prywatno\u015bci - Marpol producent front\u00f3w lakierowanych","og_description":"Polityka prywatno\u015bci Wprowadzenie Szanujemy Twoje prawo do prywatno\u015bci i dbamy o ochron\u0119 Twoich danych osobowych. Niniejsza Polityka Prywatno\u015bci okre\u015bla zasady przetwarzania danych osobowych u\u017cytkownik\u00f3w naszej strony internetowej [nazwa strony], zgodnie z obowi\u0105zuj\u0105cymi przepisami prawa, w tym z Rozporz\u0105dzeniem Parlamentu Europejskiego i Rady (UE) 2016\/679 w sprawie ochrony os\u00f3b fizycznych w zwi\u0105zku z przetwarzaniem danych osobowych [&hellip;]","og_url":"https:\/\/fronty-marpol.pl\/index.php\/polityka-prywatnosci\/","og_site_name":"Marpol producent front\u00f3w lakierowanych","article_publisher":"https:\/\/www.facebook.com\/profile.php?id=61557867596321&locale=pl_PL","article_modified_time":"2025-04-01T13:23:34+00:00","twitter_card":"summary_large_image","schema":{"@context":"https:\/\/schema.org","@graph":[{"@type":"WebPage","@id":"https:\/\/fronty-marpol.pl\/index.php\/polityka-prywatnosci\/","url":"https:\/\/fronty-marpol.pl\/index.php\/polityka-prywatnosci\/","name":"Polityka prywatno\u015bci - Marpol producent front\u00f3w lakierowanych","isPartOf":{"@id":"https:\/\/fronty-marpol.pl\/#website"},"datePublished":"2025-04-01T13:05:41+00:00","dateModified":"2025-04-01T13:23:34+00:00","breadcrumb":{"@id":"https:\/\/fronty-marpol.pl\/index.php\/polityka-prywatnosci\/#breadcrumb"},"inLanguage":"pl-PL","potentialAction":[{"@type":"ReadAction","target":["https:\/\/fronty-marpol.pl\/index.php\/polityka-prywatnosci\/"]}]},{"@type":"BreadcrumbList","@id":"https:\/\/fronty-marpol.pl\/index.php\/polityka-prywatnosci\/#breadcrumb","itemListElement":[{"@type":"ListItem","position":1,"name":"Strona g\u0142\u00f3wna","item":"https:\/\/fronty-marpol.pl\/"},{"@type":"ListItem","position":2,"name":"Polityka prywatno\u015bci"}]},{"@type":"WebSite","@id":"https:\/\/fronty-marpol.pl\/#website","url":"https:\/\/fronty-marpol.pl\/","name":"Marpol producent front\u00f3w lakierowanych","description":"","publisher":{"@id":"https:\/\/fronty-marpol.pl\/#organization"},"potentialAction":[{"@type":"SearchAction","target":{"@type":"EntryPoint","urlTemplate":"https:\/\/fronty-marpol.pl\/?s={search_term_string}"},"query-input":{"@type":"PropertyValueSpecification","valueRequired":true,"valueName":"search_term_string"}}],"inLanguage":"pl-PL"},{"@type":"Organization","@id":"https:\/\/fronty-marpol.pl\/#organization","name":"Marpol producent front\u00f3w lakierowanych","url":"https:\/\/fronty-marpol.pl\/","logo":{"@type":"ImageObject","inLanguage":"pl-PL","@id":"https:\/\/fronty-marpol.pl\/#\/schema\/logo\/image\/","url":"https:\/\/fronty-marpol.pl\/wp-content\/uploads\/2025\/02\/434364868_122096818088262253_3683645989273993407_n-1.jpg","contentUrl":"https:\/\/fronty-marpol.pl\/wp-content\/uploads\/2025\/02\/434364868_122096818088262253_3683645989273993407_n-1.jpg","width":1065,"height":537,"caption":"Marpol producent front\u00f3w lakierowanych"},"image":{"@id":"https:\/\/fronty-marpol.pl\/#\/schema\/logo\/image\/"},"sameAs":["https:\/\/www.facebook.com\/profile.php?id=61557867596321&locale=pl_PL"]}]}},"_links":{"self":[{"href":"https:\/\/fronty-marpol.pl\/index.php\/wp-json\/wp\/v2\/pages\/176","targetHints":{"allow":["GET"]}}],"collection":[{"href":"https:\/\/fronty-marpol.pl\/index.php\/wp-json\/wp\/v2\/pages"}],"about":[{"href":"https:\/\/fronty-marpol.pl\/index.php\/wp-json\/wp\/v2\/types\/page"}],"author":[{"embeddable":true,"href":"https:\/\/fronty-marpol.pl\/index.php\/wp-json\/wp\/v2\/users\/1"}],"replies":[{"embeddable":true,"href":"https:\/\/fronty-marpol.pl\/index.php\/wp-json\/wp\/v2\/comments?post=176"}],"version-history":[{"count":3,"href":"https:\/\/fronty-marpol.pl\/index.php\/wp-json\/wp\/v2\/pages\/176\/revisions"}],"predecessor-version":[{"id":179,"href":"https:\/\/fronty-marpol.pl\/index.php\/wp-json\/wp\/v2\/pages\/176\/revisions\/179"}],"wp:attachment":[{"href":"https:\/\/fronty-marpol.pl\/index.php\/wp-json\/wp\/v2\/media?parent=176"}],"curies":[{"name":"wp","href":"https:\/\/api.w.org\/{rel}","templated":true}]}}