{"id":17,"date":"2025-02-24T14:01:15","date_gmt":"2025-02-24T14:01:15","guid":{"rendered":"https:\/\/marpol.niubrands.pl\/?page_id=17"},"modified":"2026-05-01T12:47:20","modified_gmt":"2026-05-01T12:47:20","slug":"kontakt","status":"publish","type":"page","link":"https:\/\/fronty-marpol.pl\/index.php\/kontakt\/","title":{"rendered":"Kontakt"},"content":{"rendered":"<section class=\"bde-section-17-114 bde-section\">\n  \n  \n\t\n\n\n\n<div class=\"section-container\"><div class=\"bde-fancy-divider-17-116 bde-fancy-divider\">\n\n\n<div class=\"bde-fancy-divider__wrapper\">\n  <div class=\"bde-fancy-divider__separator   \">\n  \t  <\/div>\n<\/div>\n\n<\/div><h1 class=\"bde-heading-17-117 bde-heading\">\nKontakt\n<\/h1><\/div>\n<\/section><section class=\"bde-section-17-132 bde-section\">\n  \n  \n\t\n\n\n\n<div class=\"section-container\"><div class=\"bde-icon-box-17-133 bde-icon-box\">\n\n    \n            <div class=\"ee-iconbox-icon breakdance-icon-atom\" >\n    \n                    <svg xmlns=\"http:\/\/www.w3.org\/2000\/svg\" width=\"18\" height=\"19\" viewBox=\"0 0 18 19\" fill=\"none\">\r\n<path d=\"M9.33233 10.7178C9.68067 10.7178 10.0256 10.6491 10.3474 10.5158C10.6693 10.3825 10.9617 10.1871 11.208 9.94081C11.4543 9.69449 11.6497 9.40207 11.783 9.08023C11.9164 8.7584 11.985 8.41346 11.985 8.06511C11.985 7.71676 11.9164 7.37183 11.783 7.04999C11.6497 6.72816 11.4543 6.43574 11.208 6.18941C10.9617 5.94309 10.6693 5.7477 10.3474 5.6144C10.0256 5.48109 9.68067 5.41248 9.33233 5.41248C8.6288 5.41248 7.95409 5.69195 7.45663 6.18941C6.95916 6.68688 6.67969 7.36159 6.67969 8.06511C6.67969 8.76864 6.95916 9.44335 7.45663 9.94081C7.95409 10.4383 8.6288 10.7178 9.33233 10.7178Z\" stroke=\"#1D1D1D\" stroke-width=\"2\"\/>\r\n<path d=\"M2.20639 6.51783C3.88129 -0.844942 14.7894 -0.836439 16.4558 6.52633C17.4336 10.8454 14.7469 14.5012 12.3918 16.7628C11.5689 17.5565 10.4702 18 9.32685 18C8.18354 18 7.0848 17.5565 6.26187 16.7628C3.9153 14.5012 1.22866 10.8369 2.20639 6.51783Z\" stroke=\"#1D1D1D\" stroke-width=\"2\"\/>\r\n<\/svg>\n        \n        \n        \n            <\/div>\n    \n\n<div class=\"ee-iconbox-content\">\n      <h3 class=\"ee-iconbox-title bde-h3\" >Adres<\/h3>\n        <div class=\"ee-iconbox-text\" >\u015awieca 43, 63-430 Odolan\u00f3w<\/div>\n    <\/div>\n\n<\/div><div class=\"bde-icon-box-17-134 bde-icon-box\">\n\n    \n            <div class=\"ee-iconbox-icon breakdance-icon-atom\" >\n    \n                    <svg xmlns=\"http:\/\/www.w3.org\/2000\/svg\" width=\"20\" height=\"19\" viewBox=\"0 0 20 19\" fill=\"none\">\r\n<path d=\"M4.11549 15.0442V12.5497C4.11549 11.7211 4.79942 10.9779 5.77132 10.9779C6.64424 10.9779 7.42716 11.6271 7.42716 12.5497V14.9503C7.42716 16.6161 5.9693 18 4.21448 18C2.45965 18 1.0018 16.6075 1.0018 14.9503V9.68794C0.90281 4.88693 4.89841 1 9.9559 1C15.0134 1 19 4.88693 19 9.59397V14.8563C19 16.5221 17.5421 17.906 15.7873 17.906C14.0325 17.906 12.5746 16.5221 12.5746 14.8563V12.4558C12.5746 11.6271 13.2586 10.8839 14.2305 10.8839C15.1034 10.8839 15.8863 11.5332 15.8863 12.4558V15.0442\" stroke=\"white\" stroke-width=\"2\" stroke-linecap=\"round\" stroke-linejoin=\"round\"\/>\r\n<\/svg>\n        \n        \n        \n            <\/div>\n    \n\n<div class=\"ee-iconbox-content\">\n      <h3 class=\"ee-iconbox-title bde-h3\" >Telefon<\/h3>\n        <div class=\"ee-iconbox-text\" >+ 48 505 508 542     - 509 391 770<\/div>\n    <\/div>\n\n<\/div><div class=\"bde-icon-box-17-135 bde-icon-box\">\n\n    \n            <div class=\"ee-iconbox-icon breakdance-icon-atom\" >\n    \n                    <svg xmlns=\"http:\/\/www.w3.org\/2000\/svg\" width=\"22\" height=\"19\" viewBox=\"0 0 22 19\" fill=\"none\">\r\n<path d=\"M16 18H6C3 18 1 16.5 1 13V6C1 2.5 3 1 6 1H16C19 1 21 2.5 21 6V13C21 16.5 19 18 16 18Z\" stroke=\"#1D1D1D\" stroke-width=\"2\" stroke-miterlimit=\"10\" stroke-linecap=\"round\" stroke-linejoin=\"round\"\/>\r\n<path d=\"M16 6.5L12.87 9C11.84 9.82 10.15 9.82 9.12 9L6 6.5\" stroke=\"#1D1D1D\" stroke-width=\"2\" stroke-miterlimit=\"10\" stroke-linecap=\"round\" stroke-linejoin=\"round\"\/>\r\n<\/svg>\n        \n        \n        \n            <\/div>\n    \n\n<div class=\"ee-iconbox-content\">\n      <h3 class=\"ee-iconbox-title bde-h3\" >Email <\/h3>\n        <div class=\"ee-iconbox-text\" >marpol-swieca@wp.pl<\/div>\n    <\/div>\n\n<\/div><\/div>\n<\/section><section class=\"bde-section-17-177 bde-section\">\n  \n  \n\t\n\n\n\n<div class=\"section-container\"><\/div>\n<\/section><section class=\"bde-section-17-119 bde-section\">\n  \n  \n\t\n\n\n\n<div class=\"section-container\"><div class=\"bde-columns-17-120 bde-columns\"><div class=\"bde-column-17-121 bde-column\">\n  \n  \n\t\n\n\n\n<h2 class=\"bde-heading-17-122 bde-heading\">\nFormularz kontaktowy\n<\/h2><div class=\"bde-text-17-123 bde-text\">\nZapraszamy do kontaktu. \n<\/div><div class=\"bde-shortcode-17-184 bde-shortcode\"><style id=\"wpforms-css-vars-156\">\n\t\t\t\t#wpforms-156 {\n\t\t\t\t\n\t\t\t}\n\t\t\t<\/style><div class=\"wpforms-container wpforms-container-full wpforms-render-modern\" id=\"wpforms-156\"><form id=\"wpforms-form-156\" class=\"wpforms-validate wpforms-form wpforms-ajax-form\" data-formid=\"156\" method=\"post\" enctype=\"multipart\/form-data\" action=\"\/index.php\/wp-json\/wp\/v2\/pages\/17\" data-token=\"49a4a100b08ef0916c43c79deeda5d5c\" data-token-time=\"1778171149\"><noscript class=\"wpforms-error-noscript\">Aby wype\u0142ni\u0107 ten formularz, w\u0142\u0105cz obs\u0142ug\u0119 JavaScript w przegl\u0105darce.<\/noscript><div id=\"wpforms-error-noscript\" style=\"display: none;\">Aby wype\u0142ni\u0107 ten formularz, w\u0142\u0105cz obs\u0142ug\u0119 JavaScript w przegl\u0105darce.<\/div><div class=\"wpforms-field-container\"><div id=\"wpforms-156-field_1-container\" class=\"wpforms-field wpforms-field-name\" data-field-id=\"1\"><fieldset><legend class=\"wpforms-field-label\">Imi\u0119 i nazwisko <span class=\"wpforms-required-label\" aria-hidden=\"true\">*<\/span><\/legend><div class=\"wpforms-field-row wpforms-field-medium\"><div class=\"wpforms-field-row-block wpforms-first wpforms-one-half\"><input type=\"text\" id=\"wpforms-156-field_1\" class=\"wpforms-field-name-first wpforms-field-required\" name=\"wpforms[fields][1][first]\" aria-errormessage=\"wpforms-156-field_1-error\" required><label for=\"wpforms-156-field_1\" class=\"wpforms-field-sublabel after\">Pierwszy<\/label><\/div><div class=\"wpforms-field-row-block wpforms-one-half\"><input type=\"text\" id=\"wpforms-156-field_1-last\" class=\"wpforms-field-name-last wpforms-field-required\" name=\"wpforms[fields][1][last]\" aria-errormessage=\"wpforms-156-field_1-last-error\" required><label for=\"wpforms-156-field_1-last\" class=\"wpforms-field-sublabel after\">Ostatni<\/label><\/div><\/div><\/fieldset><\/div>\t\t<div id=\"wpforms-156-field_5-container\"\n\t\t\tclass=\"wpforms-field wpforms-field-text\"\n\t\t\tdata-field-type=\"text\"\n\t\t\tdata-field-id=\"5\"\n\t\t\t>\n\t\t\t<label class=\"wpforms-field-label\" for=\"wpforms-156-field_5\" >e-mail nazwisko Wiadomo\u015b\u0107<\/label>\n\t\t\t<input type=\"text\" id=\"wpforms-156-field_5\" class=\"wpforms-field-medium\" name=\"wpforms[fields][5]\" >\n\t\t<\/div>\n\t\t<div id=\"wpforms-156-field_2-container\" class=\"wpforms-field wpforms-field-email\" data-field-id=\"2\"><label class=\"wpforms-field-label\" for=\"wpforms-156-field_2\">Adres e-mail <span class=\"wpforms-required-label\" aria-hidden=\"true\">*<\/span><\/label><input type=\"email\" id=\"wpforms-156-field_2\" class=\"wpforms-field-medium wpforms-field-required\" name=\"wpforms[fields][2]\" spellcheck=\"false\" aria-errormessage=\"wpforms-156-field_2-error\" required><\/div><div id=\"wpforms-156-field_4-container\" class=\"wpforms-field wpforms-field-number\" data-field-id=\"4\"><label class=\"wpforms-field-label\" for=\"wpforms-156-field_4\">Telefon <span class=\"wpforms-required-label\" aria-hidden=\"true\">*<\/span><\/label><input type=\"number\" id=\"wpforms-156-field_4\" class=\"wpforms-field-medium wpforms-field-required\" name=\"wpforms[fields][4]\" step=\"any\" aria-errormessage=\"wpforms-156-field_4-error\" required><\/div><div id=\"wpforms-156-field_3-container\" class=\"wpforms-field wpforms-field-textarea\" data-field-id=\"3\"><label class=\"wpforms-field-label\" for=\"wpforms-156-field_3\">Wiadomo\u015b\u0107 <span class=\"wpforms-required-label\" aria-hidden=\"true\">*<\/span><\/label><textarea id=\"wpforms-156-field_3\" class=\"wpforms-field-medium wpforms-field-required\" name=\"wpforms[fields][3]\" aria-errormessage=\"wpforms-156-field_3-error\" required><\/textarea><\/div><script>\n\t\t\t\t( function() {\n\t\t\t\t\tconst style = document.createElement( 'style' );\n\t\t\t\t\tstyle.appendChild( document.createTextNode( '#wpforms-156-field_5-container { position: absolute !important; overflow: hidden !important; display: inline !important; height: 1px !important; width: 1px !important; z-index: -1000 !important; padding: 0 !important; } #wpforms-156-field_5-container input { visibility: hidden; } #wpforms-conversational-form-page #wpforms-156-field_5-container label { counter-increment: none; }' ) );\n\t\t\t\t\tdocument.head.appendChild( style );\n\t\t\t\t\tdocument.currentScript?.remove();\n\t\t\t\t} )();\n\t\t\t<\/script><\/div><!-- .wpforms-field-container --><div class=\"wpforms-submit-container\" ><input type=\"hidden\" name=\"wpforms[id]\" value=\"156\"><input type=\"hidden\" name=\"page_title\" value=\"\"><input type=\"hidden\" name=\"page_url\" value=\"https:\/\/fronty-marpol.pl\/index.php\/wp-json\/wp\/v2\/pages\/17\"><input type=\"hidden\" name=\"url_referer\" value=\"\"><button type=\"submit\" name=\"wpforms[submit]\" id=\"wpforms-submit-156\" class=\"wpforms-submit\" data-alt-text=\"Wysy\u0142anie...\" data-submit-text=\"Prze\u015blij\" aria-live=\"assertive\" value=\"wpforms-submit\">Prze\u015blij<\/button><img loading=\"lazy\" decoding=\"async\" src=\"https:\/\/fronty-marpol.pl\/wp-content\/plugins\/wpforms-lite\/assets\/images\/submit-spin.svg\" class=\"wpforms-submit-spinner\" style=\"display: none;\" width=\"26\" height=\"26\" alt=\"Wczytywanie\"><\/div><\/form><\/div>  <!-- .wpforms-container --><\/div>\n<\/div><div class=\"bde-column-17-179 bde-column\">\n  \n  \n\t\n\n\n\n<div class=\"bde-icon-17-180 bde-icon\">\n\n    \n            <div class=\"bde-icon-icon breakdance-icon-atom\" >\n    \n                    <svg xmlns=\"http:\/\/www.w3.org\/2000\/svg\" viewBox=\"0 0 384 512\"><!--! Font Awesome Free 6.5.1 by @fontawesome - https:\/\/fontawesome.com License - https:\/\/fontawesome.com\/license\/free (Icons: CC BY 4.0, Fonts: SIL OFL 1.1, Code: MIT License) Copyright 2023 Fonticons, Inc. --><path d=\"M64 0C28.7 0 0 28.7 0 64V448c0 35.3 28.7 64 64 64H320c35.3 0 64-28.7 64-64V160H256c-17.7 0-32-14.3-32-32V0H64zM256 0V128H384L256 0zM216 232V334.1l31-31c9.4-9.4 24.6-9.4 33.9 0s9.4 24.6 0 33.9l-72 72c-9.4 9.4-24.6 9.4-33.9 0l-72-72c-9.4-9.4-9.4-24.6 0-33.9s24.6-9.4 33.9 0l31 31V232c0-13.3 10.7-24 24-24s24 10.7 24 24z\"\/><\/svg>\n        \n        \n        \n            <\/div>\n    \n\n\n<\/div><h3 class=\"bde-heading-17-181 bde-heading\">\nZobacz nasz katalog\n<\/h3><div class=\"bde-text-17-182 bde-text\">\nPobierz lub przegl\u0105daj on-line nasz katalog w formacie pdf.\n<\/div><div class=\"bde-button-17-183 bde-button\">\n        \n    \n    \n    \n    \n            \n                    \n            \n            \n\n    \n    \n    \n    \n    \n    <a class=\"breakdance-link button-atom button-atom--custom bde-button__button\" href=\"https:\/\/fronty-marpol.pl\/index.php\/katalog\/\" target=\"_self\" data-type=\"url\"  >\n\n    \n        <span class=\"button-atom__text\">Otw\u00f3rz PDF<\/span>\n\n        \n        \n                <\/a>\n\n    \n\n\n<\/div>\n<\/div><\/div><\/div>\n<\/section>","protected":false},"excerpt":{"rendered":"<p>Kontakt Adres \u015awieca 43, 63-430 Odolan\u00f3w Telefon + 48 505 508 542 &#8211; 509 391 770 Email marpol-swieca@wp.pl Formularz kontaktowy Zapraszamy do kontaktu. Aby wype\u0142ni\u0107 ten formularz, w\u0142\u0105cz obs\u0142ug\u0119 JavaScript w przegl\u0105darce.Aby wype\u0142ni\u0107 ten formularz, w\u0142\u0105cz obs\u0142ug\u0119 JavaScript w przegl\u0105darce.Imi\u0119 i nazwisko *PierwszyOstatni e-mail nazwisko Wiadomo\u015b\u0107 Adres e-mail *Telefon *Wiadomo\u015b\u0107 *Prze\u015blij Zobacz nasz katalog Pobierz [&hellip;]<\/p>\n","protected":false},"author":1,"featured_media":0,"parent":0,"menu_order":0,"comment_status":"closed","ping_status":"closed","template":"","meta":{"_breakdance_hide_in_design_set":false,"_breakdance_tags":"","footnotes":""},"class_list":["post-17","page","type-page","status-publish","hentry"],"yoast_head":"<!-- This site is optimized with the Yoast SEO plugin v27.5 - https:\/\/yoast.com\/product\/yoast-seo-wordpress\/ -->\n<title>Kontakt \u2013 producent front\u00f3w meblowych Marpol<\/title>\n<meta name=\"description\" content=\"Skontaktuj si\u0119 z producentem front\u00f3w meblowych Marpol. Doradzimy, przygotujemy ofert\u0119 i odpowiemy na wszystkie pytania dotycz\u0105ce front\u00f3w.\" \/>\n<meta name=\"robots\" content=\"index, follow, max-snippet:-1, max-image-preview:large, max-video-preview:-1\" \/>\n<link rel=\"canonical\" href=\"https:\/\/fronty-marpol.pl\/index.php\/kontakt\/\" \/>\n<meta property=\"og:locale\" content=\"pl_PL\" \/>\n<meta property=\"og:type\" content=\"article\" \/>\n<meta property=\"og:title\" content=\"Kontakt \u2013 producent front\u00f3w meblowych Marpol\" \/>\n<meta property=\"og:description\" content=\"Skontaktuj si\u0119 z producentem front\u00f3w meblowych Marpol. Doradzimy, przygotujemy ofert\u0119 i odpowiemy na wszystkie pytania dotycz\u0105ce front\u00f3w.\" \/>\n<meta property=\"og:url\" content=\"https:\/\/fronty-marpol.pl\/index.php\/kontakt\/\" \/>\n<meta property=\"og:site_name\" content=\"Marpol producent front\u00f3w lakierowanych\" \/>\n<meta property=\"article:publisher\" content=\"https:\/\/www.facebook.com\/profile.php?id=61557867596321&amp;locale=pl_PL\" \/>\n<meta property=\"article:modified_time\" content=\"2026-05-01T12:47:20+00:00\" \/>\n<meta name=\"twitter:card\" content=\"summary_large_image\" \/>\n<meta name=\"twitter:label1\" content=\"Szacowany czas czytania\" \/>\n\t<meta name=\"twitter:data1\" content=\"1 minuta\" \/>\n<script type=\"application\/ld+json\" class=\"yoast-schema-graph\">{\"@context\":\"https:\\\/\\\/schema.org\",\"@graph\":[{\"@type\":\"WebPage\",\"@id\":\"https:\\\/\\\/fronty-marpol.pl\\\/index.php\\\/kontakt\\\/\",\"url\":\"https:\\\/\\\/fronty-marpol.pl\\\/index.php\\\/kontakt\\\/\",\"name\":\"Kontakt \u2013 producent front\u00f3w meblowych Marpol\",\"isPartOf\":{\"@id\":\"https:\\\/\\\/fronty-marpol.pl\\\/#website\"},\"datePublished\":\"2025-02-24T14:01:15+00:00\",\"dateModified\":\"2026-05-01T12:47:20+00:00\",\"description\":\"Skontaktuj si\u0119 z producentem front\u00f3w meblowych Marpol. Doradzimy, przygotujemy ofert\u0119 i odpowiemy na wszystkie pytania dotycz\u0105ce front\u00f3w.\",\"breadcrumb\":{\"@id\":\"https:\\\/\\\/fronty-marpol.pl\\\/index.php\\\/kontakt\\\/#breadcrumb\"},\"inLanguage\":\"pl-PL\",\"potentialAction\":[{\"@type\":\"ReadAction\",\"target\":[\"https:\\\/\\\/fronty-marpol.pl\\\/index.php\\\/kontakt\\\/\"]}]},{\"@type\":\"BreadcrumbList\",\"@id\":\"https:\\\/\\\/fronty-marpol.pl\\\/index.php\\\/kontakt\\\/#breadcrumb\",\"itemListElement\":[{\"@type\":\"ListItem\",\"position\":1,\"name\":\"Strona g\u0142\u00f3wna\",\"item\":\"https:\\\/\\\/fronty-marpol.pl\\\/\"},{\"@type\":\"ListItem\",\"position\":2,\"name\":\"Kontakt\"}]},{\"@type\":\"WebSite\",\"@id\":\"https:\\\/\\\/fronty-marpol.pl\\\/#website\",\"url\":\"https:\\\/\\\/fronty-marpol.pl\\\/\",\"name\":\"Marpol producent front\u00f3w lakierowanych\",\"description\":\"\",\"publisher\":{\"@id\":\"https:\\\/\\\/fronty-marpol.pl\\\/#organization\"},\"potentialAction\":[{\"@type\":\"SearchAction\",\"target\":{\"@type\":\"EntryPoint\",\"urlTemplate\":\"https:\\\/\\\/fronty-marpol.pl\\\/?s={search_term_string}\"},\"query-input\":{\"@type\":\"PropertyValueSpecification\",\"valueRequired\":true,\"valueName\":\"search_term_string\"}}],\"inLanguage\":\"pl-PL\"},{\"@type\":\"Organization\",\"@id\":\"https:\\\/\\\/fronty-marpol.pl\\\/#organization\",\"name\":\"Marpol producent front\u00f3w lakierowanych\",\"url\":\"https:\\\/\\\/fronty-marpol.pl\\\/\",\"logo\":{\"@type\":\"ImageObject\",\"inLanguage\":\"pl-PL\",\"@id\":\"https:\\\/\\\/fronty-marpol.pl\\\/#\\\/schema\\\/logo\\\/image\\\/\",\"url\":\"https:\\\/\\\/fronty-marpol.pl\\\/wp-content\\\/uploads\\\/2025\\\/02\\\/434364868_122096818088262253_3683645989273993407_n-1.jpg\",\"contentUrl\":\"https:\\\/\\\/fronty-marpol.pl\\\/wp-content\\\/uploads\\\/2025\\\/02\\\/434364868_122096818088262253_3683645989273993407_n-1.jpg\",\"width\":1065,\"height\":537,\"caption\":\"Marpol producent front\u00f3w lakierowanych\"},\"image\":{\"@id\":\"https:\\\/\\\/fronty-marpol.pl\\\/#\\\/schema\\\/logo\\\/image\\\/\"},\"sameAs\":[\"https:\\\/\\\/www.facebook.com\\\/profile.php?id=61557867596321&locale=pl_PL\"]}]}<\/script>\n<!-- \/ Yoast SEO plugin. -->","yoast_head_json":{"title":"Kontakt \u2013 producent front\u00f3w meblowych Marpol","description":"Skontaktuj si\u0119 z producentem front\u00f3w meblowych Marpol. Doradzimy, przygotujemy ofert\u0119 i odpowiemy na wszystkie pytania dotycz\u0105ce front\u00f3w.","robots":{"index":"index","follow":"follow","max-snippet":"max-snippet:-1","max-image-preview":"max-image-preview:large","max-video-preview":"max-video-preview:-1"},"canonical":"https:\/\/fronty-marpol.pl\/index.php\/kontakt\/","og_locale":"pl_PL","og_type":"article","og_title":"Kontakt \u2013 producent front\u00f3w meblowych Marpol","og_description":"Skontaktuj si\u0119 z producentem front\u00f3w meblowych Marpol. Doradzimy, przygotujemy ofert\u0119 i odpowiemy na wszystkie pytania dotycz\u0105ce front\u00f3w.","og_url":"https:\/\/fronty-marpol.pl\/index.php\/kontakt\/","og_site_name":"Marpol producent front\u00f3w lakierowanych","article_publisher":"https:\/\/www.facebook.com\/profile.php?id=61557867596321&locale=pl_PL","article_modified_time":"2026-05-01T12:47:20+00:00","twitter_card":"summary_large_image","twitter_misc":{"Szacowany czas czytania":"1 minuta"},"schema":{"@context":"https:\/\/schema.org","@graph":[{"@type":"WebPage","@id":"https:\/\/fronty-marpol.pl\/index.php\/kontakt\/","url":"https:\/\/fronty-marpol.pl\/index.php\/kontakt\/","name":"Kontakt \u2013 producent front\u00f3w meblowych Marpol","isPartOf":{"@id":"https:\/\/fronty-marpol.pl\/#website"},"datePublished":"2025-02-24T14:01:15+00:00","dateModified":"2026-05-01T12:47:20+00:00","description":"Skontaktuj si\u0119 z producentem front\u00f3w meblowych Marpol. Doradzimy, przygotujemy ofert\u0119 i odpowiemy na wszystkie pytania dotycz\u0105ce front\u00f3w.","breadcrumb":{"@id":"https:\/\/fronty-marpol.pl\/index.php\/kontakt\/#breadcrumb"},"inLanguage":"pl-PL","potentialAction":[{"@type":"ReadAction","target":["https:\/\/fronty-marpol.pl\/index.php\/kontakt\/"]}]},{"@type":"BreadcrumbList","@id":"https:\/\/fronty-marpol.pl\/index.php\/kontakt\/#breadcrumb","itemListElement":[{"@type":"ListItem","position":1,"name":"Strona g\u0142\u00f3wna","item":"https:\/\/fronty-marpol.pl\/"},{"@type":"ListItem","position":2,"name":"Kontakt"}]},{"@type":"WebSite","@id":"https:\/\/fronty-marpol.pl\/#website","url":"https:\/\/fronty-marpol.pl\/","name":"Marpol producent front\u00f3w lakierowanych","description":"","publisher":{"@id":"https:\/\/fronty-marpol.pl\/#organization"},"potentialAction":[{"@type":"SearchAction","target":{"@type":"EntryPoint","urlTemplate":"https:\/\/fronty-marpol.pl\/?s={search_term_string}"},"query-input":{"@type":"PropertyValueSpecification","valueRequired":true,"valueName":"search_term_string"}}],"inLanguage":"pl-PL"},{"@type":"Organization","@id":"https:\/\/fronty-marpol.pl\/#organization","name":"Marpol producent front\u00f3w lakierowanych","url":"https:\/\/fronty-marpol.pl\/","logo":{"@type":"ImageObject","inLanguage":"pl-PL","@id":"https:\/\/fronty-marpol.pl\/#\/schema\/logo\/image\/","url":"https:\/\/fronty-marpol.pl\/wp-content\/uploads\/2025\/02\/434364868_122096818088262253_3683645989273993407_n-1.jpg","contentUrl":"https:\/\/fronty-marpol.pl\/wp-content\/uploads\/2025\/02\/434364868_122096818088262253_3683645989273993407_n-1.jpg","width":1065,"height":537,"caption":"Marpol producent front\u00f3w lakierowanych"},"image":{"@id":"https:\/\/fronty-marpol.pl\/#\/schema\/logo\/image\/"},"sameAs":["https:\/\/www.facebook.com\/profile.php?id=61557867596321&locale=pl_PL"]}]}},"_links":{"self":[{"href":"https:\/\/fronty-marpol.pl\/index.php\/wp-json\/wp\/v2\/pages\/17","targetHints":{"allow":["GET"]}}],"collection":[{"href":"https:\/\/fronty-marpol.pl\/index.php\/wp-json\/wp\/v2\/pages"}],"about":[{"href":"https:\/\/fronty-marpol.pl\/index.php\/wp-json\/wp\/v2\/types\/page"}],"author":[{"embeddable":true,"href":"https:\/\/fronty-marpol.pl\/index.php\/wp-json\/wp\/v2\/users\/1"}],"replies":[{"embeddable":true,"href":"https:\/\/fronty-marpol.pl\/index.php\/wp-json\/wp\/v2\/comments?post=17"}],"version-history":[{"count":14,"href":"https:\/\/fronty-marpol.pl\/index.php\/wp-json\/wp\/v2\/pages\/17\/revisions"}],"predecessor-version":[{"id":158,"href":"https:\/\/fronty-marpol.pl\/index.php\/wp-json\/wp\/v2\/pages\/17\/revisions\/158"}],"wp:attachment":[{"href":"https:\/\/fronty-marpol.pl\/index.php\/wp-json\/wp\/v2\/media?parent=17"}],"curies":[{"name":"wp","href":"https:\/\/api.w.org\/{rel}","templated":true}]}}