{"id":137,"date":"2025-03-22T12:37:27","date_gmt":"2025-03-22T12:37:27","guid":{"rendered":"https:\/\/marpol.niubrands.pl\/?page_id=137"},"modified":"2026-05-01T12:45:39","modified_gmt":"2026-05-01T12:45:39","slug":"fronty-akrylowe","status":"publish","type":"page","link":"https:\/\/fronty-marpol.pl\/index.php\/fronty-akrylowe\/","title":{"rendered":"Fronty akrylowe"},"content":{"rendered":"<section class=\"bde-section-137-100 bde-section\">\n  \n  \n\t\n\n\n\n<div class=\"section-container\"><div class=\"bde-columns-137-101 bde-columns\"><div class=\"bde-column-137-102 bde-column\">\n  \n  \n\t\n\n\n\n<div class=\"bde-image-137-103 bde-image\">\n<figure class=\"breakdance-image breakdance-image--84\">\n\t<div class=\"breakdance-image-container\">\n\t\t<div class=\"breakdance-image-clip\"><img loading=\"lazy\" decoding=\"async\" class=\"breakdance-image-object\" src=\"https:\/\/fronty-marpol.pl\/wp-content\/uploads\/2025\/03\/Marpol_katalog-a4_2022_01-no-name_druk.pdf-image-001.png\" width=\"7000\" height=\"2625\" srcset=\"https:\/\/fronty-marpol.pl\/wp-content\/uploads\/2025\/03\/Marpol_katalog-a4_2022_01-no-name_druk.pdf-image-001.png 7000w, https:\/\/fronty-marpol.pl\/wp-content\/uploads\/2025\/03\/Marpol_katalog-a4_2022_01-no-name_druk.pdf-image-001-300x113.png 300w, https:\/\/fronty-marpol.pl\/wp-content\/uploads\/2025\/03\/Marpol_katalog-a4_2022_01-no-name_druk.pdf-image-001-1024x384.png 1024w, https:\/\/fronty-marpol.pl\/wp-content\/uploads\/2025\/03\/Marpol_katalog-a4_2022_01-no-name_druk.pdf-image-001-768x288.png 768w, https:\/\/fronty-marpol.pl\/wp-content\/uploads\/2025\/03\/Marpol_katalog-a4_2022_01-no-name_druk.pdf-image-001-1536x576.png 1536w, https:\/\/fronty-marpol.pl\/wp-content\/uploads\/2025\/03\/Marpol_katalog-a4_2022_01-no-name_druk.pdf-image-001-2048x768.png 2048w\" sizes=\"auto, (max-width: 7000px) 100vw, 7000px\"><\/div>\n\t<\/div><\/figure>\n\n<\/div>\n<\/div><div class=\"bde-column-137-104 bde-column\">\n  \n  \n\t\n\n\n\n<h2 class=\"bde-heading-137-105 bde-heading\">\nFronty akrylowe Marpol\n<\/h2><div class=\"bde-text-137-106 bde-text\">\nFronty meblowe akrylowe produkowane s\u0105 poprzez na\u0142o\u017cenie warstwy akrylu na p\u0142yt\u0119 MDF lub inn\u0105 baz\u0119, a nast\u0119pnie jej wypolerowanie, co zapewnia idealnie g\u0142adk\u0105 i b\u0142yszcz\u0105c\u0105 powierzchni\u0119. Akryl jest materia\u0142em odpornym na zarysowania, wilgo\u0107 oraz wysokie temperatury, co sprawia, \u017ce fronty s\u0105 trwa\u0142e i \u0142atwe w utrzymaniu. W procesie produkcji wykorzystuje si\u0119 nowoczesne technologie, takie jak frezowanie, dzi\u0119ki czemu fronty mog\u0105 mie\u0107 r\u00f3\u017cnorodne kszta\u0142ty i wyko\u0144czenia. <br><br>Akrylowe fronty meblowe cechuj\u0105 si\u0119 wyj\u0105tkow\u0105 estetyk\u0105 \u2013 lustrzanym po\u0142yskiem, kt\u00f3ry optycznie powi\u0119ksza przestrze\u0144, a tak\u017ce szerok\u0105 palet\u0105 kolor\u00f3w i wzor\u00f3w. Dodatkowo, s\u0105 odporne na promieniowanie UV, co zapobiega ich \u017c\u00f3\u0142kni\u0119ciu w wyniku d\u0142ugotrwa\u0142ego nas\u0142onecznienia.\n<\/div>\n<\/div><\/div><\/div>\n<\/section><section id=\"bd-fancy-section2\" class=\"bde-section-137-107 bde-section\">\n  \n  \n\t\n\n\n\n<div class=\"section-container\"><div class=\"bde-image-137-108 bde-image\" data-parallax=\"true\">\n<figure class=\"breakdance-image breakdance-image--43\">\n\t<div class=\"breakdance-image-container\">\n\t\t<div class=\"breakdance-image-clip\"><img loading=\"lazy\" decoding=\"async\" class=\"breakdance-image-object\" src=\"https:\/\/fronty-marpol.pl\/wp-content\/uploads\/2025\/02\/471571163_122164015508262253_3145373978775114491_n.jpg\" width=\"1024\" height=\"1024\" srcset=\"https:\/\/fronty-marpol.pl\/wp-content\/uploads\/2025\/02\/471571163_122164015508262253_3145373978775114491_n.jpg 1024w, https:\/\/fronty-marpol.pl\/wp-content\/uploads\/2025\/02\/471571163_122164015508262253_3145373978775114491_n-300x300.jpg 300w, https:\/\/fronty-marpol.pl\/wp-content\/uploads\/2025\/02\/471571163_122164015508262253_3145373978775114491_n-150x150.jpg 150w, https:\/\/fronty-marpol.pl\/wp-content\/uploads\/2025\/02\/471571163_122164015508262253_3145373978775114491_n-768x768.jpg 768w\" sizes=\"auto, (max-width: 1024px) 100vw, 1024px\"><\/div>\n\t<\/div><\/figure>\n\n<\/div><h2 class=\"bde-heading-137-109 bde-heading\">\nMarpol producent front\u00f3w\n<\/h2><div class=\"bde-columns-137-110 bde-columns\"><div class=\"bde-column-137-111 bde-column\">\n  \n  \n\t\n\n\n\n<div class=\"bde-icon-137-112 bde-icon\">\n\n    \n            <div class=\"bde-icon-icon breakdance-icon-atom\" >\n    \n                    <svg xmlns=\"http:\/\/www.w3.org\/2000\/svg\" viewBox=\"0 0 640 512\"><!--! Font Awesome Free 6.5.1 by @fontawesome - https:\/\/fontawesome.com License - https:\/\/fontawesome.com\/license\/free (Icons: CC BY 4.0, Fonts: SIL OFL 1.1, Code: MIT License) Copyright 2023 Fonticons, Inc. --><path d=\"M323.4 85.2l-96.8 78.4c-16.1 13-19.2 36.4-7 53.1c12.9 17.8 38 21.3 55.3 7.8l99.3-77.2c7-5.4 17-4.2 22.5 2.8s4.2 17-2.8 22.5l-20.9 16.2L550.2 352H592c26.5 0 48-21.5 48-48V176c0-26.5-21.5-48-48-48H516h-4-.7l-3.9-2.5L434.8 79c-15.3-9.8-33.2-15-51.4-15c-21.8 0-43 7.5-60 21.2zm22.8 124.4l-51.7 40.2C263 274.4 217.3 268 193.7 235.6c-22.2-30.5-16.6-73.1 12.7-96.8l83.2-67.3c-11.6-4.9-24.1-7.4-36.8-7.4C234 64 215.7 69.6 200 80l-72 48H48c-26.5 0-48 21.5-48 48V304c0 26.5 21.5 48 48 48H156.2l91.4 83.4c19.6 17.9 49.9 16.5 67.8-3.1c5.5-6.1 9.2-13.2 11.1-20.6l17 15.6c19.5 17.9 49.9 16.6 67.8-2.9c4.5-4.9 7.8-10.6 9.9-16.5c19.4 13 45.8 10.3 62.1-7.5c17.9-19.5 16.6-49.9-2.9-67.8l-134.2-123z\"\/><\/svg>\n        \n        \n        \n            <\/div>\n    \n\n\n<\/div><h3 class=\"bde-heading-137-113 bde-heading\">\nJeste\u015b zainteresowany nasz\u0105 ofert\u0105?\n<\/h3><div class=\"bde-text-137-114 bde-text\">\nZapraszamy do kontaktu\n<\/div><div class=\"bde-button-137-115 bde-button\">\n        \n    \n    \n    \n    \n            \n                    \n            \n            \n\n    \n    \n    \n    \n    \n    <a class=\"breakdance-link button-atom button-atom--custom bde-button__button\" href=\"tel:505508542\" target=\"_self\" data-type=\"contact\"  >\n\n    \n        <span class=\"button-atom__text\">Zadzwo\u0144<\/span>\n\n        \n        \n                <\/a>\n\n    \n\n\n<\/div>\n<\/div><div class=\"bde-column-137-116 bde-column\">\n  \n  \n\t\n\n\n\n<div class=\"bde-icon-137-117 bde-icon\">\n\n    \n            <div class=\"bde-icon-icon breakdance-icon-atom\" >\n    \n                    <svg xmlns=\"http:\/\/www.w3.org\/2000\/svg\" viewBox=\"0 0 384 512\"><!--! Font Awesome Free 6.5.1 by @fontawesome - https:\/\/fontawesome.com License - https:\/\/fontawesome.com\/license\/free (Icons: CC BY 4.0, Fonts: SIL OFL 1.1, Code: MIT License) Copyright 2023 Fonticons, Inc. --><path d=\"M64 0C28.7 0 0 28.7 0 64V448c0 35.3 28.7 64 64 64H320c35.3 0 64-28.7 64-64V160H256c-17.7 0-32-14.3-32-32V0H64zM256 0V128H384L256 0zM216 232V334.1l31-31c9.4-9.4 24.6-9.4 33.9 0s9.4 24.6 0 33.9l-72 72c-9.4 9.4-24.6 9.4-33.9 0l-72-72c-9.4-9.4-9.4-24.6 0-33.9s24.6-9.4 33.9 0l31 31V232c0-13.3 10.7-24 24-24s24 10.7 24 24z\"\/><\/svg>\n        \n        \n        \n            <\/div>\n    \n\n\n<\/div><h3 class=\"bde-heading-137-118 bde-heading\">\nZobacz nasz katalog\n<\/h3><div class=\"bde-text-137-119 bde-text\">\nPobierz lub przegl\u0105daj on-line nasz katalog w formacie pdf.\n<\/div><div class=\"bde-button-137-120 bde-button\">\n        \n    \n    \n    \n    \n            \n                    \n            \n            \n\n    \n    \n    \n    \n    \n    <a class=\"breakdance-link button-atom button-atom--custom bde-button__button\" href=\"https:\/\/fronty-marpol.pl\/index.php\/katalog\/\" target=\"_self\" data-type=\"url\"  >\n\n    \n        <span class=\"button-atom__text\">Otw\u00f3rz PDF<\/span>\n\n        \n        \n                <\/a>\n\n    \n\n\n<\/div>\n<\/div><\/div><\/div>\n<\/section>","protected":false},"excerpt":{"rendered":"<p>Fronty akrylowe Marpol Fronty meblowe akrylowe produkowane s\u0105 poprzez na\u0142o\u017cenie warstwy akrylu na p\u0142yt\u0119 MDF lub inn\u0105 baz\u0119, a nast\u0119pnie jej wypolerowanie, co zapewnia idealnie g\u0142adk\u0105 i b\u0142yszcz\u0105c\u0105 powierzchni\u0119. Akryl jest materia\u0142em odpornym na zarysowania, wilgo\u0107 oraz wysokie temperatury, co sprawia, \u017ce fronty s\u0105 trwa\u0142e i \u0142atwe w utrzymaniu. W procesie produkcji wykorzystuje si\u0119 nowoczesne [&hellip;]<\/p>\n","protected":false},"author":1,"featured_media":0,"parent":0,"menu_order":0,"comment_status":"closed","ping_status":"closed","template":"","meta":{"_breakdance_hide_in_design_set":false,"_breakdance_tags":"","footnotes":""},"class_list":["post-137","page","type-page","status-publish","hentry"],"yoast_head":"<!-- This site is optimized with the Yoast SEO plugin v27.5 - https:\/\/yoast.com\/product\/yoast-seo-wordpress\/ -->\n<title>Fronty akrylowe \u2013 fronty meblowe na wysoki po\u0142ysk | Marpol<\/title>\n<meta name=\"description\" content=\"Fronty akrylowe do kuchni i mebli \u2013 trwa\u0142e, odporne na zarysowania i wilgo\u0107. Nowoczesny design, szeroki wyb\u00f3r kolor\u00f3w i precyzyjne wykonanie.\" \/>\n<meta name=\"robots\" content=\"index, follow, max-snippet:-1, max-image-preview:large, max-video-preview:-1\" \/>\n<link rel=\"canonical\" href=\"https:\/\/fronty-marpol.pl\/index.php\/fronty-akrylowe\/\" \/>\n<meta property=\"og:locale\" content=\"pl_PL\" \/>\n<meta property=\"og:type\" content=\"article\" \/>\n<meta property=\"og:title\" content=\"Fronty akrylowe \u2013 fronty meblowe na wysoki po\u0142ysk | Marpol\" \/>\n<meta property=\"og:description\" content=\"Fronty akrylowe do kuchni i mebli \u2013 trwa\u0142e, odporne na zarysowania i wilgo\u0107. Nowoczesny design, szeroki wyb\u00f3r kolor\u00f3w i precyzyjne wykonanie.\" \/>\n<meta property=\"og:url\" content=\"https:\/\/fronty-marpol.pl\/index.php\/fronty-akrylowe\/\" \/>\n<meta property=\"og:site_name\" content=\"Marpol producent front\u00f3w lakierowanych\" \/>\n<meta property=\"article:publisher\" content=\"https:\/\/www.facebook.com\/profile.php?id=61557867596321&amp;locale=pl_PL\" \/>\n<meta property=\"article:modified_time\" content=\"2026-05-01T12:45:39+00:00\" \/>\n<meta name=\"twitter:card\" content=\"summary_large_image\" \/>\n<meta name=\"twitter:label1\" content=\"Szacowany czas czytania\" \/>\n\t<meta name=\"twitter:data1\" content=\"2 minuty\" \/>\n<script type=\"application\/ld+json\" class=\"yoast-schema-graph\">{\"@context\":\"https:\\\/\\\/schema.org\",\"@graph\":[{\"@type\":\"WebPage\",\"@id\":\"https:\\\/\\\/fronty-marpol.pl\\\/index.php\\\/fronty-akrylowe\\\/\",\"url\":\"https:\\\/\\\/fronty-marpol.pl\\\/index.php\\\/fronty-akrylowe\\\/\",\"name\":\"Fronty akrylowe \u2013 fronty meblowe na wysoki po\u0142ysk | Marpol\",\"isPartOf\":{\"@id\":\"https:\\\/\\\/fronty-marpol.pl\\\/#website\"},\"datePublished\":\"2025-03-22T12:37:27+00:00\",\"dateModified\":\"2026-05-01T12:45:39+00:00\",\"description\":\"Fronty akrylowe do kuchni i mebli \u2013 trwa\u0142e, odporne na zarysowania i wilgo\u0107. Nowoczesny design, szeroki wyb\u00f3r kolor\u00f3w i precyzyjne wykonanie.\",\"breadcrumb\":{\"@id\":\"https:\\\/\\\/fronty-marpol.pl\\\/index.php\\\/fronty-akrylowe\\\/#breadcrumb\"},\"inLanguage\":\"pl-PL\",\"potentialAction\":[{\"@type\":\"ReadAction\",\"target\":[\"https:\\\/\\\/fronty-marpol.pl\\\/index.php\\\/fronty-akrylowe\\\/\"]}]},{\"@type\":\"BreadcrumbList\",\"@id\":\"https:\\\/\\\/fronty-marpol.pl\\\/index.php\\\/fronty-akrylowe\\\/#breadcrumb\",\"itemListElement\":[{\"@type\":\"ListItem\",\"position\":1,\"name\":\"Strona g\u0142\u00f3wna\",\"item\":\"https:\\\/\\\/fronty-marpol.pl\\\/\"},{\"@type\":\"ListItem\",\"position\":2,\"name\":\"Fronty akrylowe\"}]},{\"@type\":\"WebSite\",\"@id\":\"https:\\\/\\\/fronty-marpol.pl\\\/#website\",\"url\":\"https:\\\/\\\/fronty-marpol.pl\\\/\",\"name\":\"Marpol producent front\u00f3w lakierowanych\",\"description\":\"\",\"publisher\":{\"@id\":\"https:\\\/\\\/fronty-marpol.pl\\\/#organization\"},\"potentialAction\":[{\"@type\":\"SearchAction\",\"target\":{\"@type\":\"EntryPoint\",\"urlTemplate\":\"https:\\\/\\\/fronty-marpol.pl\\\/?s={search_term_string}\"},\"query-input\":{\"@type\":\"PropertyValueSpecification\",\"valueRequired\":true,\"valueName\":\"search_term_string\"}}],\"inLanguage\":\"pl-PL\"},{\"@type\":\"Organization\",\"@id\":\"https:\\\/\\\/fronty-marpol.pl\\\/#organization\",\"name\":\"Marpol producent front\u00f3w lakierowanych\",\"url\":\"https:\\\/\\\/fronty-marpol.pl\\\/\",\"logo\":{\"@type\":\"ImageObject\",\"inLanguage\":\"pl-PL\",\"@id\":\"https:\\\/\\\/fronty-marpol.pl\\\/#\\\/schema\\\/logo\\\/image\\\/\",\"url\":\"https:\\\/\\\/fronty-marpol.pl\\\/wp-content\\\/uploads\\\/2025\\\/02\\\/434364868_122096818088262253_3683645989273993407_n-1.jpg\",\"contentUrl\":\"https:\\\/\\\/fronty-marpol.pl\\\/wp-content\\\/uploads\\\/2025\\\/02\\\/434364868_122096818088262253_3683645989273993407_n-1.jpg\",\"width\":1065,\"height\":537,\"caption\":\"Marpol producent front\u00f3w lakierowanych\"},\"image\":{\"@id\":\"https:\\\/\\\/fronty-marpol.pl\\\/#\\\/schema\\\/logo\\\/image\\\/\"},\"sameAs\":[\"https:\\\/\\\/www.facebook.com\\\/profile.php?id=61557867596321&locale=pl_PL\"]}]}<\/script>\n<!-- \/ Yoast SEO plugin. -->","yoast_head_json":{"title":"Fronty akrylowe \u2013 fronty meblowe na wysoki po\u0142ysk | Marpol","description":"Fronty akrylowe do kuchni i mebli \u2013 trwa\u0142e, odporne na zarysowania i wilgo\u0107. Nowoczesny design, szeroki wyb\u00f3r kolor\u00f3w i precyzyjne wykonanie.","robots":{"index":"index","follow":"follow","max-snippet":"max-snippet:-1","max-image-preview":"max-image-preview:large","max-video-preview":"max-video-preview:-1"},"canonical":"https:\/\/fronty-marpol.pl\/index.php\/fronty-akrylowe\/","og_locale":"pl_PL","og_type":"article","og_title":"Fronty akrylowe \u2013 fronty meblowe na wysoki po\u0142ysk | Marpol","og_description":"Fronty akrylowe do kuchni i mebli \u2013 trwa\u0142e, odporne na zarysowania i wilgo\u0107. Nowoczesny design, szeroki wyb\u00f3r kolor\u00f3w i precyzyjne wykonanie.","og_url":"https:\/\/fronty-marpol.pl\/index.php\/fronty-akrylowe\/","og_site_name":"Marpol producent front\u00f3w lakierowanych","article_publisher":"https:\/\/www.facebook.com\/profile.php?id=61557867596321&locale=pl_PL","article_modified_time":"2026-05-01T12:45:39+00:00","twitter_card":"summary_large_image","twitter_misc":{"Szacowany czas czytania":"2 minuty"},"schema":{"@context":"https:\/\/schema.org","@graph":[{"@type":"WebPage","@id":"https:\/\/fronty-marpol.pl\/index.php\/fronty-akrylowe\/","url":"https:\/\/fronty-marpol.pl\/index.php\/fronty-akrylowe\/","name":"Fronty akrylowe \u2013 fronty meblowe na wysoki po\u0142ysk | Marpol","isPartOf":{"@id":"https:\/\/fronty-marpol.pl\/#website"},"datePublished":"2025-03-22T12:37:27+00:00","dateModified":"2026-05-01T12:45:39+00:00","description":"Fronty akrylowe do kuchni i mebli \u2013 trwa\u0142e, odporne na zarysowania i wilgo\u0107. Nowoczesny design, szeroki wyb\u00f3r kolor\u00f3w i precyzyjne wykonanie.","breadcrumb":{"@id":"https:\/\/fronty-marpol.pl\/index.php\/fronty-akrylowe\/#breadcrumb"},"inLanguage":"pl-PL","potentialAction":[{"@type":"ReadAction","target":["https:\/\/fronty-marpol.pl\/index.php\/fronty-akrylowe\/"]}]},{"@type":"BreadcrumbList","@id":"https:\/\/fronty-marpol.pl\/index.php\/fronty-akrylowe\/#breadcrumb","itemListElement":[{"@type":"ListItem","position":1,"name":"Strona g\u0142\u00f3wna","item":"https:\/\/fronty-marpol.pl\/"},{"@type":"ListItem","position":2,"name":"Fronty akrylowe"}]},{"@type":"WebSite","@id":"https:\/\/fronty-marpol.pl\/#website","url":"https:\/\/fronty-marpol.pl\/","name":"Marpol producent front\u00f3w lakierowanych","description":"","publisher":{"@id":"https:\/\/fronty-marpol.pl\/#organization"},"potentialAction":[{"@type":"SearchAction","target":{"@type":"EntryPoint","urlTemplate":"https:\/\/fronty-marpol.pl\/?s={search_term_string}"},"query-input":{"@type":"PropertyValueSpecification","valueRequired":true,"valueName":"search_term_string"}}],"inLanguage":"pl-PL"},{"@type":"Organization","@id":"https:\/\/fronty-marpol.pl\/#organization","name":"Marpol producent front\u00f3w lakierowanych","url":"https:\/\/fronty-marpol.pl\/","logo":{"@type":"ImageObject","inLanguage":"pl-PL","@id":"https:\/\/fronty-marpol.pl\/#\/schema\/logo\/image\/","url":"https:\/\/fronty-marpol.pl\/wp-content\/uploads\/2025\/02\/434364868_122096818088262253_3683645989273993407_n-1.jpg","contentUrl":"https:\/\/fronty-marpol.pl\/wp-content\/uploads\/2025\/02\/434364868_122096818088262253_3683645989273993407_n-1.jpg","width":1065,"height":537,"caption":"Marpol producent front\u00f3w lakierowanych"},"image":{"@id":"https:\/\/fronty-marpol.pl\/#\/schema\/logo\/image\/"},"sameAs":["https:\/\/www.facebook.com\/profile.php?id=61557867596321&locale=pl_PL"]}]}},"_links":{"self":[{"href":"https:\/\/fronty-marpol.pl\/index.php\/wp-json\/wp\/v2\/pages\/137","targetHints":{"allow":["GET"]}}],"collection":[{"href":"https:\/\/fronty-marpol.pl\/index.php\/wp-json\/wp\/v2\/pages"}],"about":[{"href":"https:\/\/fronty-marpol.pl\/index.php\/wp-json\/wp\/v2\/types\/page"}],"author":[{"embeddable":true,"href":"https:\/\/fronty-marpol.pl\/index.php\/wp-json\/wp\/v2\/users\/1"}],"replies":[{"embeddable":true,"href":"https:\/\/fronty-marpol.pl\/index.php\/wp-json\/wp\/v2\/comments?post=137"}],"version-history":[{"count":5,"href":"https:\/\/fronty-marpol.pl\/index.php\/wp-json\/wp\/v2\/pages\/137\/revisions"}],"predecessor-version":[{"id":174,"href":"https:\/\/fronty-marpol.pl\/index.php\/wp-json\/wp\/v2\/pages\/137\/revisions\/174"}],"wp:attachment":[{"href":"https:\/\/fronty-marpol.pl\/index.php\/wp-json\/wp\/v2\/media?parent=137"}],"curies":[{"name":"wp","href":"https:\/\/api.w.org\/{rel}","templated":true}]}}